{"id":15,"date":"2025-01-30T08:29:51","date_gmt":"2025-01-30T08:29:51","guid":{"rendered":"https:\/\/infosolution.rs\/?page_id=15"},"modified":"2025-03-02T14:25:17","modified_gmt":"2025-03-02T14:25:17","slug":"home-page","status":"publish","type":"page","link":"https:\/\/infosolution.rs\/","title":{"rendered":"Home page"},"content":{"rendered":"\t\t<div data-elementor-type=\"wp-page\" data-elementor-id=\"15\" class=\"elementor elementor-15\">\n\t\t\t\t<div class=\"elementor-element elementor-element-251ca05 e-con-full e-flex e-con e-parent\" data-id=\"251ca05\" data-element_type=\"container\" data-settings=\"{&quot;background_background&quot;:&quot;classic&quot;}\">\n\t\t\t\t<div class=\"elementor-element elementor-element-d92d370 elementor-widget elementor-widget-heading\" data-id=\"d92d370\" data-element_type=\"widget\" data-widget_type=\"heading.default\">\n\t\t\t\t<div class=\"elementor-widget-container\">\n\t\t\t\t\t<h1 class=\"elementor-heading-title elementor-size-default\">INFOSOLUTION<\/h1>\t\t\t\t<\/div>\n\t\t\t\t<\/div>\n\t\t\t\t<div class=\"elementor-element elementor-element-82ca231 elementor-widget elementor-widget-heading\" data-id=\"82ca231\" data-element_type=\"widget\" data-widget_type=\"heading.default\">\n\t\t\t\t<div class=\"elementor-widget-container\">\n\t\t\t\t\t<h4 class=\"elementor-heading-title elementor-size-default\"><b>Va\u0161 partner za inovativna i tehnolo\u0161ka re\u0161enja.<\/b><br> <\/h4>\t\t\t\t<\/div>\n\t\t\t\t<\/div>\n\t\t<div class=\"elementor-element elementor-element-9136233 e-con-full e-flex e-con e-child\" data-id=\"9136233\" data-element_type=\"container\">\n\t\t\t\t<div class=\"elementor-element elementor-element-93ed6b7 elementor-widget elementor-widget-heading\" data-id=\"93ed6b7\" data-element_type=\"widget\" data-widget_type=\"heading.default\">\n\t\t\t\t<div class=\"elementor-widget-container\">\n\t\t\t\t\t<h4 class=\"elementor-heading-title elementor-size-default\"><b>Na\u0161 moto <\/b>je: \"Oslu\u0161kujemo potrebe dajemo predlog re\u0161enja\". <\/h4>\t\t\t\t<\/div>\n\t\t\t\t<\/div>\n\t\t\t\t<\/div>\n\t\t\t\t<\/div>\n\t\t<div class=\"elementor-element elementor-element-94a7f0b e-flex e-con-boxed e-con e-parent\" data-id=\"94a7f0b\" data-element_type=\"container\">\n\t\t\t\t\t<div class=\"e-con-inner\">\n\t\t<div class=\"elementor-element elementor-element-77991a6 e-con-full e-flex e-con e-child\" data-id=\"77991a6\" data-element_type=\"container\">\n\t\t\t\t<div class=\"elementor-element elementor-element-2b8a32d elementor-invisible elementor-widget elementor-widget-image\" data-id=\"2b8a32d\" data-element_type=\"widget\" data-settings=\"{&quot;_animation&quot;:&quot;slideInLeft&quot;}\" data-widget_type=\"image.default\">\n\t\t\t\t<div class=\"elementor-widget-container\">\n\t\t\t\t\t\t\t\t\t\t\t\t\t\t\t<img fetchpriority=\"high\" decoding=\"async\" width=\"500\" height=\"281\" src=\"https:\/\/infosolution.rs\/wp-content\/uploads\/2025\/02\/instalacija-kamera-beograd.webp\" class=\"attachment-large size-large wp-image-129\" alt=\"Instliranje video nadzora\" srcset=\"https:\/\/infosolution.rs\/wp-content\/uploads\/2025\/02\/instalacija-kamera-beograd.webp 500w, https:\/\/infosolution.rs\/wp-content\/uploads\/2025\/02\/instalacija-kamera-beograd-300x169.webp 300w\" sizes=\"(max-width: 500px) 100vw, 500px\" \/>\t\t\t\t\t\t\t\t\t\t\t\t\t\t\t<\/div>\n\t\t\t\t<\/div>\n\t\t\t\t<div class=\"elementor-element elementor-element-f100363 elementor-invisible elementor-widget elementor-widget-image\" data-id=\"f100363\" data-element_type=\"widget\" data-settings=\"{&quot;_animation&quot;:&quot;slideInLeft&quot;}\" data-widget_type=\"image.default\">\n\t\t\t\t<div class=\"elementor-widget-container\">\n\t\t\t\t\t\t\t\t\t\t\t\t\t\t\t<img decoding=\"async\" width=\"738\" height=\"415\" src=\"https:\/\/infosolution.rs\/wp-content\/uploads\/slider3\/racunarskemreze.webp\" class=\"attachment-large size-large wp-image-518\" alt=\"\" srcset=\"https:\/\/infosolution.rs\/wp-content\/uploads\/slider3\/racunarskemreze.webp 738w, https:\/\/infosolution.rs\/wp-content\/uploads\/slider3\/racunarskemreze-300x169.webp 300w\" sizes=\"(max-width: 738px) 100vw, 738px\" \/>\t\t\t\t\t\t\t\t\t\t\t\t\t\t\t<\/div>\n\t\t\t\t<\/div>\n\t\t\t\t<div class=\"elementor-element elementor-element-f1a6099 elementor-align-center elementor-widget elementor-widget-button\" data-id=\"f1a6099\" data-element_type=\"widget\" data-widget_type=\"button.default\">\n\t\t\t\t<div class=\"elementor-widget-container\">\n\t\t\t\t\t\t\t\t\t<div class=\"elementor-button-wrapper\">\n\t\t\t\t\t<a class=\"elementor-button elementor-button-link elementor-size-sm\" href=\"https:\/\/infosolution.rs\/index.php\/o-nama\/\">\n\t\t\t\t\t\t<span class=\"elementor-button-content-wrapper\">\n\t\t\t\t\t\t\t\t\t<span class=\"elementor-button-text\">Vi\u0161e o nama<\/span>\n\t\t\t\t\t<\/span>\n\t\t\t\t\t<\/a>\n\t\t\t\t<\/div>\n\t\t\t\t\t\t\t\t<\/div>\n\t\t\t\t<\/div>\n\t\t\t\t<\/div>\n\t\t\t\t<div class=\"elementor-element elementor-element-34f99a9 elementor-widget elementor-widget-image\" data-id=\"34f99a9\" data-element_type=\"widget\" data-widget_type=\"image.default\">\n\t\t\t\t<div class=\"elementor-widget-container\">\n\t\t\t\t\t\t\t\t\t\t\t\t\t\t\t<img decoding=\"async\" width=\"746\" height=\"500\" src=\"https:\/\/infosolution.rs\/wp-content\/uploads\/2025\/02\/it_equipment.jpg\" class=\"attachment-large size-large wp-image-535\" alt=\"\" srcset=\"https:\/\/infosolution.rs\/wp-content\/uploads\/2025\/02\/it_equipment.jpg 746w, https:\/\/infosolution.rs\/wp-content\/uploads\/2025\/02\/it_equipment-300x201.jpg 300w\" sizes=\"(max-width: 746px) 100vw, 746px\" \/>\t\t\t\t\t\t\t\t\t\t\t\t\t\t\t<\/div>\n\t\t\t\t<\/div>\n\t\t\t\t\t<\/div>\n\t\t\t\t<\/div>\n\t\t<div class=\"elementor-element elementor-element-b866868 e-flex e-con-boxed e-con e-parent\" data-id=\"b866868\" data-element_type=\"container\" data-settings=\"{&quot;background_background&quot;:&quot;classic&quot;}\">\n\t\t\t\t\t<div class=\"e-con-inner\">\n\t\t\t\t<div class=\"elementor-element elementor-element-07bcd92 elementor-widget elementor-widget-heading\" data-id=\"07bcd92\" data-element_type=\"widget\" data-widget_type=\"heading.default\">\n\t\t\t\t<div class=\"elementor-widget-container\">\n\t\t\t\t\t<h2 class=\"elementor-heading-title elementor-size-default\">Koje usluge nudimo?<\/h2>\t\t\t\t<\/div>\n\t\t\t\t<\/div>\n\t\t\t\t<div class=\"elementor-element elementor-element-01fa102 elementor-widget elementor-widget-heading\" data-id=\"01fa102\" data-element_type=\"widget\" data-widget_type=\"heading.default\">\n\t\t\t\t<div class=\"elementor-widget-container\">\n\t\t\t\t\t<span class=\"elementor-heading-title elementor-size-default\">InfoSolution je doma\u0107a firma sa evropskim standardima i kvalitetom rada. Trudimo se da na\u0161i klijentu budu pre svega zadovoljni uslugom a naravno i brzinom rada kao i cenom. Ukolipiti sve ovo pravi je izazov dana\u0161njice.\n\n<br> <br> \nZa nas ste sigurno \u010duli po preporuci jer se dobar glas daleko \u010duje! Opravda\u0107emo ih. <\/span>\t\t\t\t<\/div>\n\t\t\t\t<\/div>\n\t\t\t\t<div class=\"elementor-element elementor-element-6464459 elementor-widget elementor-widget-button\" data-id=\"6464459\" data-element_type=\"widget\" data-widget_type=\"button.default\">\n\t\t\t\t<div class=\"elementor-widget-container\">\n\t\t\t\t\t\t\t\t\t<div class=\"elementor-button-wrapper\">\n\t\t\t\t\t<a class=\"elementor-button elementor-button-link elementor-size-sm\" href=\"https:\/\/infosolution.rs\/index.php\/usluge\/\">\n\t\t\t\t\t\t<span class=\"elementor-button-content-wrapper\">\n\t\t\t\t\t\t\t\t\t<span class=\"elementor-button-text\">Sve usluge koje nudimo<\/span>\n\t\t\t\t\t<\/span>\n\t\t\t\t\t<\/a>\n\t\t\t\t<\/div>\n\t\t\t\t\t\t\t\t<\/div>\n\t\t\t\t<\/div>\n\t\t\t\t\t<\/div>\n\t\t\t\t<\/div>\n\t\t<div class=\"elementor-element elementor-element-131c214 e-flex e-con-boxed e-con e-parent\" data-id=\"131c214\" data-element_type=\"container\">\n\t\t\t\t\t<div class=\"e-con-inner\">\n\t\t<div class=\"elementor-element elementor-element-13a2247 e-con-full e-flex e-con e-child\" data-id=\"13a2247\" data-element_type=\"container\">\n\t\t\t\t<div class=\"elementor-element elementor-element-da4f17b elementor-widget elementor-widget-image\" data-id=\"da4f17b\" data-element_type=\"widget\" data-widget_type=\"image.default\">\n\t\t\t\t<div class=\"elementor-widget-container\">\n\t\t\t\t\t\t\t\t\t\t\t\t\t\t\t<img loading=\"lazy\" decoding=\"async\" width=\"1024\" height=\"618\" src=\"https:\/\/infosolution.rs\/wp-content\/uploads\/2025\/02\/network-support-1024x618.jpeg\" class=\"attachment-large size-large wp-image-177\" alt=\"\" srcset=\"https:\/\/infosolution.rs\/wp-content\/uploads\/2025\/02\/network-support-1024x618.jpeg 1024w, https:\/\/infosolution.rs\/wp-content\/uploads\/2025\/02\/network-support-300x181.jpeg 300w, https:\/\/infosolution.rs\/wp-content\/uploads\/2025\/02\/network-support-768x464.jpeg 768w, https:\/\/infosolution.rs\/wp-content\/uploads\/2025\/02\/network-support-1536x928.jpeg 1536w, https:\/\/infosolution.rs\/wp-content\/uploads\/2025\/02\/network-support.jpeg 2000w\" sizes=\"(max-width: 1024px) 100vw, 1024px\" \/>\t\t\t\t\t\t\t\t\t\t\t\t\t\t\t<\/div>\n\t\t\t\t<\/div>\n\t\t\t\t<\/div>\n\t\t<div class=\"elementor-element elementor-element-f2da3c7 e-con-full e-flex e-con e-child\" data-id=\"f2da3c7\" data-element_type=\"container\">\n\t\t\t\t<div class=\"elementor-element elementor-element-1511659 elementor-widget elementor-widget-heading\" data-id=\"1511659\" data-element_type=\"widget\" data-widget_type=\"heading.default\">\n\t\t\t\t<div class=\"elementor-widget-container\">\n\t\t\t\t\t<h2 class=\"elementor-heading-title elementor-size-default\">Za\u0161to odabrati nas?<\/h2>\t\t\t\t<\/div>\n\t\t\t\t<\/div>\n\t\t\t\t<div class=\"elementor-element elementor-element-545b2cf elementor-widget elementor-widget-heading\" data-id=\"545b2cf\" data-element_type=\"widget\" data-widget_type=\"heading.default\">\n\t\t\t\t<div class=\"elementor-widget-container\">\n\t\t\t\t\t<span class=\"elementor-heading-title elementor-size-default\">Info solution je mlada firma koja nastoji da unapredi svoje poslovanje oslu\u0161kuju\u0107i potrebe korisnika kao i da se maksimalno probije na tr\u017ei\u0161te neospornim kvalitetom.\n\n<br> <br> \n\"Zadovoljan klijent je najbolji klijent!\"<\/span>\t\t\t\t<\/div>\n\t\t\t\t<\/div>\n\t\t\t\t<div class=\"elementor-element elementor-element-e0e7105 elementor-view-default elementor-widget elementor-widget-icon\" data-id=\"e0e7105\" data-element_type=\"widget\" data-widget_type=\"icon.default\">\n\t\t\t\t<div class=\"elementor-widget-container\">\n\t\t\t\t\t\t\t<div class=\"elementor-icon-wrapper\">\n\t\t\t<a class=\"elementor-icon\" href=\"http:\/\/+381646172029\">\n\t\t\t<svg aria-hidden=\"true\" class=\"e-font-icon-svg e-fas-phone-square-alt\" viewBox=\"0 0 448 512\" xmlns=\"http:\/\/www.w3.org\/2000\/svg\"><path d=\"M400 32H48A48 48 0 0 0 0 80v352a48 48 0 0 0 48 48h352a48 48 0 0 0 48-48V80a48 48 0 0 0-48-48zm-16.39 307.37l-15 65A15 15 0 0 1 354 416C194 416 64 286.29 64 126a15.7 15.7 0 0 1 11.63-14.61l65-15A18.23 18.23 0 0 1 144 96a16.27 16.27 0 0 1 13.79 9.09l30 70A17.9 17.9 0 0 1 189 181a17 17 0 0 1-5.5 11.61l-37.89 31a231.91 231.91 0 0 0 110.78 110.78l31-37.89A17 17 0 0 1 299 291a17.85 17.85 0 0 1 5.91 1.21l70 30A16.25 16.25 0 0 1 384 336a17.41 17.41 0 0 1-.39 3.37z\"><\/path><\/svg>\t\t\t<\/a>\n\t\t<\/div>\n\t\t\t\t\t\t<\/div>\n\t\t\t\t<\/div>\n\t\t\t\t<\/div>\n\t\t\t\t\t<\/div>\n\t\t\t\t<\/div>\n\t\t<div class=\"elementor-element elementor-element-fff80f7 e-con-full e-flex e-con e-parent\" data-id=\"fff80f7\" data-element_type=\"container\">\n\t\t<div class=\"elementor-element elementor-element-c2510ab e-con-full e-flex e-con e-child\" data-id=\"c2510ab\" data-element_type=\"container\" data-settings=\"{&quot;background_background&quot;:&quot;classic&quot;}\">\n\t\t\t\t<div class=\"elementor-element elementor-element-8781334 elementor-widget elementor-widget-heading\" data-id=\"8781334\" data-element_type=\"widget\" data-widget_type=\"heading.default\">\n\t\t\t\t<div class=\"elementor-widget-container\">\n\t\t\t\t\t<h2 class=\"elementor-heading-title elementor-size-default\">Pozovite nas<\/h2>\t\t\t\t<\/div>\n\t\t\t\t<\/div>\n\t\t\t\t<div class=\"elementor-element elementor-element-8eecbad elementor-widget elementor-widget-heading\" data-id=\"8eecbad\" data-element_type=\"widget\" data-widget_type=\"heading.default\">\n\t\t\t\t<div class=\"elementor-widget-container\">\n\t\t\t\t\t<span class=\"elementor-heading-title elementor-size-default\">Ukoliko vam je potreban websajt za Vas business ili imate mre\u017eu u kojoj se i ne snalazite pa je neophodno odr\u017eavanje, tu smo za vas!<\/span>\t\t\t\t<\/div>\n\t\t\t\t<\/div>\n\t\t\t\t<\/div>\n\t\t<div class=\"elementor-element elementor-element-9838a91 e-con-full e-flex e-con e-child\" data-id=\"9838a91\" data-element_type=\"container\" data-settings=\"{&quot;background_background&quot;:&quot;classic&quot;}\">\n\t\t\t\t<div class=\"elementor-element elementor-element-47436a7 elementor-widget elementor-widget-heading\" data-id=\"47436a7\" data-element_type=\"widget\" data-widget_type=\"heading.default\">\n\t\t\t\t<div class=\"elementor-widget-container\">\n\t\t\t\t\t<h2 class=\"elementor-heading-title elementor-size-default\">+381646172029<\/h2>\t\t\t\t<\/div>\n\t\t\t\t<\/div>\n\t\t\t\t<\/div>\n\t\t\t\t<\/div>\n\t\t\t\t<\/div>\n\t\t","protected":false},"excerpt":{"rendered":"<p>INFOSOLUTION Va\u0161 partner za inovativna i tehnolo\u0161ka re\u0161enja. Na\u0161 moto je: &#8220;Oslu\u0161kujemo potrebe dajemo predlog re\u0161enja&#8221;. Vi\u0161e o nama Koje usluge nudimo? InfoSolution je doma\u0107a firma sa evropskim standardima i kvalitetom rada. Trudimo se da na\u0161i klijentu budu pre svega zadovoljni uslugom a naravno i brzinom rada kao i cenom. Ukolipiti sve ovo pravi je [&hellip;]<\/p>\n","protected":false},"author":1,"featured_media":0,"parent":0,"menu_order":0,"comment_status":"closed","ping_status":"closed","template":"elementor_header_footer","meta":{"footnotes":""},"class_list":["post-15","page","type-page","status-publish","hentry"],"yoast_head":"<!-- This site is optimized with the Yoast SEO plugin v24.9 - https:\/\/yoast.com\/wordpress\/plugins\/seo\/ -->\n<title>Home page - InfoSolution<\/title>\n<meta name=\"robots\" content=\"index, follow, max-snippet:-1, max-image-preview:large, max-video-preview:-1\" \/>\n<link rel=\"canonical\" href=\"https:\/\/infosolution.rs\/\" \/>\n<meta property=\"og:locale\" content=\"en_US\" \/>\n<meta property=\"og:type\" content=\"article\" \/>\n<meta property=\"og:title\" content=\"Home page - InfoSolution\" \/>\n<meta property=\"og:description\" content=\"INFOSOLUTION Va\u0161 partner za inovativna i tehnolo\u0161ka re\u0161enja. Na\u0161 moto je: &#8220;Oslu\u0161kujemo potrebe dajemo predlog re\u0161enja&#8221;. Vi\u0161e o nama Koje usluge nudimo? InfoSolution je doma\u0107a firma sa evropskim standardima i kvalitetom rada. Trudimo se da na\u0161i klijentu budu pre svega zadovoljni uslugom a naravno i brzinom rada kao i cenom. Ukolipiti sve ovo pravi je [&hellip;]\" \/>\n<meta property=\"og:url\" content=\"https:\/\/infosolution.rs\/\" \/>\n<meta property=\"og:site_name\" content=\"InfoSolution\" \/>\n<meta property=\"article:modified_time\" content=\"2025-03-02T14:25:17+00:00\" \/>\n<meta property=\"og:image\" content=\"https:\/\/infosolution.rs\/wp-content\/uploads\/2025\/02\/instalacija-kamera-beograd.webp\" \/>\n\t<meta property=\"og:image:width\" content=\"500\" \/>\n\t<meta property=\"og:image:height\" content=\"281\" \/>\n\t<meta property=\"og:image:type\" content=\"image\/webp\" \/>\n<meta name=\"twitter:card\" content=\"summary_large_image\" \/>\n<meta name=\"twitter:label1\" content=\"Est. reading time\" \/>\n\t<meta name=\"twitter:data1\" content=\"2 minutes\" \/>\n<script type=\"application\/ld+json\" class=\"yoast-schema-graph\">{\"@context\":\"https:\/\/schema.org\",\"@graph\":[{\"@type\":\"WebPage\",\"@id\":\"https:\/\/infosolution.rs\/\",\"url\":\"https:\/\/infosolution.rs\/\",\"name\":\"Home page - InfoSolution\",\"isPartOf\":{\"@id\":\"https:\/\/infosolution.rs\/#website\"},\"primaryImageOfPage\":{\"@id\":\"https:\/\/infosolution.rs\/#primaryimage\"},\"image\":{\"@id\":\"https:\/\/infosolution.rs\/#primaryimage\"},\"thumbnailUrl\":\"https:\/\/infosolution.rs\/wp-content\/uploads\/2025\/02\/instalacija-kamera-beograd.webp\",\"datePublished\":\"2025-01-30T08:29:51+00:00\",\"dateModified\":\"2025-03-02T14:25:17+00:00\",\"breadcrumb\":{\"@id\":\"https:\/\/infosolution.rs\/#breadcrumb\"},\"inLanguage\":\"en-US\",\"potentialAction\":[{\"@type\":\"ReadAction\",\"target\":[\"https:\/\/infosolution.rs\/\"]}]},{\"@type\":\"ImageObject\",\"inLanguage\":\"en-US\",\"@id\":\"https:\/\/infosolution.rs\/#primaryimage\",\"url\":\"https:\/\/infosolution.rs\/wp-content\/uploads\/2025\/02\/instalacija-kamera-beograd.webp\",\"contentUrl\":\"https:\/\/infosolution.rs\/wp-content\/uploads\/2025\/02\/instalacija-kamera-beograd.webp\",\"width\":500,\"height\":281,\"caption\":\"Instliranje video nadzora\"},{\"@type\":\"BreadcrumbList\",\"@id\":\"https:\/\/infosolution.rs\/#breadcrumb\",\"itemListElement\":[{\"@type\":\"ListItem\",\"position\":1,\"name\":\"Home\",\"item\":\"https:\/\/infosolution.rs\/\"},{\"@type\":\"ListItem\",\"position\":2,\"name\":\"Home page\"}]},{\"@type\":\"WebSite\",\"@id\":\"https:\/\/infosolution.rs\/#website\",\"url\":\"https:\/\/infosolution.rs\/\",\"name\":\"InfoSolution\",\"description\":\"\",\"potentialAction\":[{\"@type\":\"SearchAction\",\"target\":{\"@type\":\"EntryPoint\",\"urlTemplate\":\"https:\/\/infosolution.rs\/?s={search_term_string}\"},\"query-input\":{\"@type\":\"PropertyValueSpecification\",\"valueRequired\":true,\"valueName\":\"search_term_string\"}}],\"inLanguage\":\"en-US\"}]}<\/script>\n<!-- \/ Yoast SEO plugin. -->","yoast_head_json":{"title":"Home page - InfoSolution","robots":{"index":"index","follow":"follow","max-snippet":"max-snippet:-1","max-image-preview":"max-image-preview:large","max-video-preview":"max-video-preview:-1"},"canonical":"https:\/\/infosolution.rs\/","og_locale":"en_US","og_type":"article","og_title":"Home page - InfoSolution","og_description":"INFOSOLUTION Va\u0161 partner za inovativna i tehnolo\u0161ka re\u0161enja. Na\u0161 moto je: &#8220;Oslu\u0161kujemo potrebe dajemo predlog re\u0161enja&#8221;. Vi\u0161e o nama Koje usluge nudimo? InfoSolution je doma\u0107a firma sa evropskim standardima i kvalitetom rada. Trudimo se da na\u0161i klijentu budu pre svega zadovoljni uslugom a naravno i brzinom rada kao i cenom. Ukolipiti sve ovo pravi je [&hellip;]","og_url":"https:\/\/infosolution.rs\/","og_site_name":"InfoSolution","article_modified_time":"2025-03-02T14:25:17+00:00","og_image":[{"width":500,"height":281,"url":"https:\/\/infosolution.rs\/wp-content\/uploads\/2025\/02\/instalacija-kamera-beograd.webp","type":"image\/webp"}],"twitter_card":"summary_large_image","twitter_misc":{"Est. reading time":"2 minutes"},"schema":{"@context":"https:\/\/schema.org","@graph":[{"@type":"WebPage","@id":"https:\/\/infosolution.rs\/","url":"https:\/\/infosolution.rs\/","name":"Home page - InfoSolution","isPartOf":{"@id":"https:\/\/infosolution.rs\/#website"},"primaryImageOfPage":{"@id":"https:\/\/infosolution.rs\/#primaryimage"},"image":{"@id":"https:\/\/infosolution.rs\/#primaryimage"},"thumbnailUrl":"https:\/\/infosolution.rs\/wp-content\/uploads\/2025\/02\/instalacija-kamera-beograd.webp","datePublished":"2025-01-30T08:29:51+00:00","dateModified":"2025-03-02T14:25:17+00:00","breadcrumb":{"@id":"https:\/\/infosolution.rs\/#breadcrumb"},"inLanguage":"en-US","potentialAction":[{"@type":"ReadAction","target":["https:\/\/infosolution.rs\/"]}]},{"@type":"ImageObject","inLanguage":"en-US","@id":"https:\/\/infosolution.rs\/#primaryimage","url":"https:\/\/infosolution.rs\/wp-content\/uploads\/2025\/02\/instalacija-kamera-beograd.webp","contentUrl":"https:\/\/infosolution.rs\/wp-content\/uploads\/2025\/02\/instalacija-kamera-beograd.webp","width":500,"height":281,"caption":"Instliranje video nadzora"},{"@type":"BreadcrumbList","@id":"https:\/\/infosolution.rs\/#breadcrumb","itemListElement":[{"@type":"ListItem","position":1,"name":"Home","item":"https:\/\/infosolution.rs\/"},{"@type":"ListItem","position":2,"name":"Home page"}]},{"@type":"WebSite","@id":"https:\/\/infosolution.rs\/#website","url":"https:\/\/infosolution.rs\/","name":"InfoSolution","description":"","potentialAction":[{"@type":"SearchAction","target":{"@type":"EntryPoint","urlTemplate":"https:\/\/infosolution.rs\/?s={search_term_string}"},"query-input":{"@type":"PropertyValueSpecification","valueRequired":true,"valueName":"search_term_string"}}],"inLanguage":"en-US"}]}},"_links":{"self":[{"href":"https:\/\/infosolution.rs\/index.php\/wp-json\/wp\/v2\/pages\/15","targetHints":{"allow":["GET"]}}],"collection":[{"href":"https:\/\/infosolution.rs\/index.php\/wp-json\/wp\/v2\/pages"}],"about":[{"href":"https:\/\/infosolution.rs\/index.php\/wp-json\/wp\/v2\/types\/page"}],"author":[{"embeddable":true,"href":"https:\/\/infosolution.rs\/index.php\/wp-json\/wp\/v2\/users\/1"}],"replies":[{"embeddable":true,"href":"https:\/\/infosolution.rs\/index.php\/wp-json\/wp\/v2\/comments?post=15"}],"version-history":[{"count":187,"href":"https:\/\/infosolution.rs\/index.php\/wp-json\/wp\/v2\/pages\/15\/revisions"}],"predecessor-version":[{"id":639,"href":"https:\/\/infosolution.rs\/index.php\/wp-json\/wp\/v2\/pages\/15\/revisions\/639"}],"wp:attachment":[{"href":"https:\/\/infosolution.rs\/index.php\/wp-json\/wp\/v2\/media?parent=15"}],"curies":[{"name":"wp","href":"https:\/\/api.w.org\/{rel}","templated":true}]}}