{"id":251,"date":"2025-02-21T11:01:32","date_gmt":"2025-02-21T11:01:32","guid":{"rendered":"https:\/\/infosolution.rs\/?page_id=251"},"modified":"2025-02-24T21:38:13","modified_gmt":"2025-02-24T21:38:13","slug":"it-oprema","status":"publish","type":"page","link":"https:\/\/infosolution.rs\/index.php\/it-oprema\/","title":{"rendered":"IT Oprema"},"content":{"rendered":"\t\t<div data-elementor-type=\"wp-page\" data-elementor-id=\"251\" class=\"elementor elementor-251\">\n\t\t\t\t<div class=\"elementor-element elementor-element-251ca05 e-flex e-con-boxed e-con e-parent\" data-id=\"251ca05\" data-element_type=\"container\" data-settings=\"{&quot;background_background&quot;:&quot;classic&quot;}\">\n\t\t\t\t\t<div class=\"e-con-inner\">\n\t\t\t\t<div class=\"elementor-element elementor-element-d92d370 elementor-widget elementor-widget-heading\" data-id=\"d92d370\" data-element_type=\"widget\" data-widget_type=\"heading.default\">\n\t\t\t\t<div class=\"elementor-widget-container\">\n\t\t\t\t\t<h2 class=\"elementor-heading-title elementor-size-default\">IT OPREMA<\/h2>\t\t\t\t<\/div>\n\t\t\t\t<\/div>\n\t\t\t\t<div class=\"elementor-element elementor-element-82ca231 elementor-widget elementor-widget-heading\" data-id=\"82ca231\" data-element_type=\"widget\" data-widget_type=\"heading.default\">\n\t\t\t\t<div class=\"elementor-widget-container\">\n\t\t\t\t\t<h4 class=\"elementor-heading-title elementor-size-default\">IT oprema \u010dini osnovu svih modernih tehnolo\u0161kih sistema i omogu\u0107ava rad ra\u010dunarskih mre\u017ea i drugih digitalnih re\u0161enja. Evo nekoliko zanimljivih aspekata IT opreme:<\/h4>\t\t\t\t<\/div>\n\t\t\t\t<\/div>\n\t\t\t\t\t<\/div>\n\t\t\t\t<\/div>\n\t\t<div class=\"elementor-element elementor-element-4b0520a e-flex e-con-boxed e-con e-parent\" data-id=\"4b0520a\" data-element_type=\"container\">\n\t\t\t\t\t<div class=\"e-con-inner\">\n\t\t\t\t<div class=\"elementor-element elementor-element-adde989 elementor-widget elementor-widget-text-editor\" data-id=\"adde989\" data-element_type=\"widget\" data-widget_type=\"text-editor.default\">\n\t\t\t\t<div class=\"elementor-widget-container\">\n\t\t\t\t\t\t\t\t\t<p><span style=\"font-weight: bold; color: #2759a4; font-family: Poppins, sans-serif; letter-spacing: -0.1px; white-space-collapse: preserve;\">1. Serveri:<\/span><span style=\"color: #2759a4; font-family: Poppins, sans-serif; letter-spacing: -0.1px; white-space-collapse: preserve;\"><br \/>&#8211; <\/span><span style=\"color: #2759a4; font-family: Poppins, sans-serif; letter-spacing: -0.1px; white-space-collapse: preserve;\"><u>Fizi\u010dki serveri:<\/u><\/span><span style=\"color: #2759a4; font-family: Poppins, sans-serif; letter-spacing: -0.1px; white-space-collapse: preserve;\"> Sna\u017eni ra\u010dunari dizajnirani za obradu velikih koli\u010dina podataka. Koriste se za hostovanje aplikacija i usluga.<br \/>&#8211; <\/span><u style=\"color: #2759a4; font-family: Poppins, sans-serif; letter-spacing: -0.1px; white-space-collapse: preserve;\">Virtualni serveri<\/u><span style=\"color: #2759a4; font-family: Poppins, sans-serif; letter-spacing: -0.1px; white-space-collapse: preserve;\"> (VPS): Virtuelizovane instance fizi\u010dkih servera koje omogu\u0107avaju fleksibilnije i skalabilnije re\u0161enje.<\/span><\/p><p><span style=\"font-weight: bold; color: #2759a4; font-family: Poppins, sans-serif; letter-spacing: -0.1px; white-space-collapse: preserve;\">2. Mre\u017eni ure\u0111aji:<\/span><span style=\"color: #2759a4; font-family: Poppins, sans-serif; letter-spacing: -0.1px; white-space-collapse: preserve;\"><br \/>&#8211; <u>Ruteri:<\/u> Upravljaju protokom podataka izme\u0111u razli\u010ditih mre\u017ea, uklju\u010duju\u0107i internet.<br \/>&#8211; <u>Svit\u010devi<\/u> (Switches): Povezuju vi\u0161e ure\u0111aja unutar iste mre\u017ee i omogu\u0107avaju brzu razmenu podataka.<\/span><\/p><p><span style=\"font-weight: bold; color: #2759a4; font-family: Poppins, sans-serif; letter-spacing: -0.1px; white-space-collapse: preserve;\">3. Skladi\u0161ni ure\u0111aji:<\/span><span style=\"color: #2759a4; font-family: Poppins, sans-serif; letter-spacing: -0.1px; white-space-collapse: preserve;\"><br \/>&#8211; <u>HDD<\/u> (Hard Disk Drive): Tradicionalni ure\u0111aji za skladi\u0161tenje podataka koji koriste mehani\u010dke diskove.<br \/>&#8211; <u>SSD<\/u> (Solid State Drive): Br\u017ei i pouzdaniji ure\u0111aji za skladi\u0161tenje koji koriste flash memoriju.<\/span><\/p><p><span style=\"font-weight: bold; color: #2759a4; font-family: Poppins, sans-serif; letter-spacing: -0.1px; white-space-collapse: preserve;\">4. Bezbednosna oprema:<br \/><\/span><span style=\"color: #2759a4; font-family: Poppins, sans-serif; letter-spacing: -0.1px; white-space-collapse: preserve;\"> &#8211; <u>Firewall:<\/u> Hardver ili softver koji \u0161titi mre\u017eu od neovla\u0161\u0107enog pristupa.<br \/>&#8211; <u>Antivirusni softver:<\/u> \u0160titi ra\u010dunare i mre\u017ee od malicioznih programa.<\/span><\/p><p><span style=\"font-weight: bold; color: #2759a4; font-family: Poppins, sans-serif; letter-spacing: -0.1px; white-space-collapse: preserve;\">5. Periferna oprema:<\/span><span style=\"color: #2759a4; font-family: Poppins, sans-serif; letter-spacing: -0.1px; white-space-collapse: preserve;\"><br \/>&#8211; <u>Monitori:<\/u> Prikazuju vizuelne informacije korisnicima.<br \/>&#8211; <u>Tastature i mi\u0161evi:<\/u> Omogu\u0107avaju unos podataka i upravljanje ra\u010dunarima.<\/span><\/p>\t\t\t\t\t\t\t\t<\/div>\n\t\t\t\t<\/div>\n\t\t\t\t<div class=\"elementor-element elementor-element-bc38898 elementor-widget elementor-widget-image\" data-id=\"bc38898\" data-element_type=\"widget\" data-widget_type=\"image.default\">\n\t\t\t\t<div class=\"elementor-widget-container\">\n\t\t\t\t\t\t\t\t\t\t\t\t\t\t\t<img fetchpriority=\"high\" decoding=\"async\" width=\"1000\" height=\"694\" src=\"https:\/\/infosolution.rs\/wp-content\/uploads\/2025\/02\/it-oprema.jpg\" class=\"attachment-large size-large wp-image-562\" alt=\"\" srcset=\"https:\/\/infosolution.rs\/wp-content\/uploads\/2025\/02\/it-oprema.jpg 1000w, https:\/\/infosolution.rs\/wp-content\/uploads\/2025\/02\/it-oprema-300x208.jpg 300w, https:\/\/infosolution.rs\/wp-content\/uploads\/2025\/02\/it-oprema-768x533.jpg 768w\" sizes=\"(max-width: 1000px) 100vw, 1000px\" \/>\t\t\t\t\t\t\t\t\t\t\t\t\t\t\t<\/div>\n\t\t\t\t<\/div>\n\t\t\t\t\t<\/div>\n\t\t\t\t<\/div>\n\t\t<div class=\"elementor-element elementor-element-fff80f7 e-flex e-con-boxed e-con e-parent\" data-id=\"fff80f7\" data-element_type=\"container\">\n\t\t\t\t\t<div class=\"e-con-inner\">\n\t\t<div class=\"elementor-element elementor-element-effd0a1 e-con-full e-flex e-con e-child\" data-id=\"effd0a1\" data-element_type=\"container\" data-settings=\"{&quot;background_background&quot;:&quot;classic&quot;}\">\n\t\t\t\t<div class=\"elementor-element elementor-element-3122e82 elementor-widget elementor-widget-image\" data-id=\"3122e82\" data-element_type=\"widget\" data-widget_type=\"image.default\">\n\t\t\t\t<div class=\"elementor-widget-container\">\n\t\t\t\t\t\t\t\t\t\t\t\t\t\t\t<img decoding=\"async\" src=\"https:\/\/infosolution.rs\/wp-content\/uploads\/elementor\/thumbs\/Untitled-design-2022-04-14T082805.991-r1qtu62jh68ey3jbv3z90f1bp5slemyt6gvnjdrfzk.webp\" title=\"Untitled-design-2022-04-14T082805.991\" alt=\"Untitled-design-2022-04-14T082805.991\" loading=\"lazy\" \/>\t\t\t\t\t\t\t\t\t\t\t\t\t\t\t<\/div>\n\t\t\t\t<\/div>\n\t\t\t\t<\/div>\n\t\t<div class=\"elementor-element elementor-element-c2510ab e-con-full e-flex e-con e-child\" data-id=\"c2510ab\" data-element_type=\"container\" data-settings=\"{&quot;background_background&quot;:&quot;classic&quot;}\">\n\t\t\t\t<div class=\"elementor-element elementor-element-8781334 elementor-widget elementor-widget-heading\" data-id=\"8781334\" data-element_type=\"widget\" data-widget_type=\"heading.default\">\n\t\t\t\t<div class=\"elementor-widget-container\">\n\t\t\t\t\t<h2 class=\"elementor-heading-title elementor-size-default\">Pozovite nas<\/h2>\t\t\t\t<\/div>\n\t\t\t\t<\/div>\n\t\t\t\t<div class=\"elementor-element elementor-element-8eecbad elementor-widget elementor-widget-heading\" data-id=\"8eecbad\" data-element_type=\"widget\" data-widget_type=\"heading.default\">\n\t\t\t\t<div class=\"elementor-widget-container\">\n\t\t\t\t\t<span class=\"elementor-heading-title elementor-size-default\">Ukoliko vam je potreban websajt za Vas business ili imate mre\u017eu u kojoj se i ne snalazite pa je neophodno odr\u017eavanje, tu smo za vas!<\/span>\t\t\t\t<\/div>\n\t\t\t\t<\/div>\n\t\t\t\t<\/div>\n\t\t<div class=\"elementor-element elementor-element-9838a91 e-con-full e-flex e-con e-child\" data-id=\"9838a91\" data-element_type=\"container\" data-settings=\"{&quot;background_background&quot;:&quot;classic&quot;}\">\n\t\t\t\t<div class=\"elementor-element elementor-element-47436a7 elementor-widget elementor-widget-heading\" data-id=\"47436a7\" data-element_type=\"widget\" data-widget_type=\"heading.default\">\n\t\t\t\t<div class=\"elementor-widget-container\">\n\t\t\t\t\t<h2 class=\"elementor-heading-title elementor-size-default\">+381646172029<\/h2>\t\t\t\t<\/div>\n\t\t\t\t<\/div>\n\t\t\t\t<\/div>\n\t\t\t\t\t<\/div>\n\t\t\t\t<\/div>\n\t\t\t\t<\/div>\n\t\t","protected":false},"excerpt":{"rendered":"<p>IT OPREMA IT oprema \u010dini osnovu svih modernih tehnolo\u0161kih sistema i omogu\u0107ava rad ra\u010dunarskih mre\u017ea i drugih digitalnih re\u0161enja. Evo nekoliko zanimljivih aspekata IT opreme: 1. Serveri:&#8211; Fizi\u010dki serveri: Sna\u017eni ra\u010dunari dizajnirani za obradu velikih koli\u010dina podataka. Koriste se za hostovanje aplikacija i usluga.&#8211; Virtualni serveri (VPS): Virtuelizovane instance fizi\u010dkih servera koje omogu\u0107avaju fleksibilnije i [&hellip;]<\/p>\n","protected":false},"author":1,"featured_media":0,"parent":0,"menu_order":0,"comment_status":"closed","ping_status":"closed","template":"elementor_header_footer","meta":{"footnotes":""},"class_list":["post-251","page","type-page","status-publish","hentry"],"yoast_head":"<!-- This site is optimized with the Yoast SEO plugin v24.9 - https:\/\/yoast.com\/wordpress\/plugins\/seo\/ -->\n<title>IT Oprema - InfoSolution<\/title>\n<meta name=\"robots\" content=\"index, follow, max-snippet:-1, max-image-preview:large, max-video-preview:-1\" \/>\n<link rel=\"canonical\" href=\"https:\/\/infosolution.rs\/index.php\/it-oprema\/\" \/>\n<meta property=\"og:locale\" content=\"en_US\" \/>\n<meta property=\"og:type\" content=\"article\" \/>\n<meta property=\"og:title\" content=\"IT Oprema - InfoSolution\" \/>\n<meta property=\"og:description\" content=\"IT OPREMA IT oprema \u010dini osnovu svih modernih tehnolo\u0161kih sistema i omogu\u0107ava rad ra\u010dunarskih mre\u017ea i drugih digitalnih re\u0161enja. Evo nekoliko zanimljivih aspekata IT opreme: 1. Serveri:&#8211; Fizi\u010dki serveri: Sna\u017eni ra\u010dunari dizajnirani za obradu velikih koli\u010dina podataka. Koriste se za hostovanje aplikacija i usluga.&#8211; Virtualni serveri (VPS): Virtuelizovane instance fizi\u010dkih servera koje omogu\u0107avaju fleksibilnije i [&hellip;]\" \/>\n<meta property=\"og:url\" content=\"https:\/\/infosolution.rs\/index.php\/it-oprema\/\" \/>\n<meta property=\"og:site_name\" content=\"InfoSolution\" \/>\n<meta property=\"article:modified_time\" content=\"2025-02-24T21:38:13+00:00\" \/>\n<meta property=\"og:image\" content=\"https:\/\/infosolution.rs\/wp-content\/uploads\/2025\/02\/it-oprema.jpg\" \/>\n\t<meta property=\"og:image:width\" content=\"1000\" \/>\n\t<meta property=\"og:image:height\" content=\"694\" \/>\n\t<meta property=\"og:image:type\" content=\"image\/jpeg\" \/>\n<meta name=\"twitter:card\" content=\"summary_large_image\" \/>\n<meta name=\"twitter:label1\" content=\"Est. reading time\" \/>\n\t<meta name=\"twitter:data1\" content=\"2 minutes\" \/>\n<script type=\"application\/ld+json\" class=\"yoast-schema-graph\">{\"@context\":\"https:\/\/schema.org\",\"@graph\":[{\"@type\":\"WebPage\",\"@id\":\"https:\/\/infosolution.rs\/index.php\/it-oprema\/\",\"url\":\"https:\/\/infosolution.rs\/index.php\/it-oprema\/\",\"name\":\"IT Oprema - InfoSolution\",\"isPartOf\":{\"@id\":\"https:\/\/infosolution.rs\/#website\"},\"primaryImageOfPage\":{\"@id\":\"https:\/\/infosolution.rs\/index.php\/it-oprema\/#primaryimage\"},\"image\":{\"@id\":\"https:\/\/infosolution.rs\/index.php\/it-oprema\/#primaryimage\"},\"thumbnailUrl\":\"https:\/\/infosolution.rs\/wp-content\/uploads\/2025\/02\/it-oprema.jpg\",\"datePublished\":\"2025-02-21T11:01:32+00:00\",\"dateModified\":\"2025-02-24T21:38:13+00:00\",\"breadcrumb\":{\"@id\":\"https:\/\/infosolution.rs\/index.php\/it-oprema\/#breadcrumb\"},\"inLanguage\":\"en-US\",\"potentialAction\":[{\"@type\":\"ReadAction\",\"target\":[\"https:\/\/infosolution.rs\/index.php\/it-oprema\/\"]}]},{\"@type\":\"ImageObject\",\"inLanguage\":\"en-US\",\"@id\":\"https:\/\/infosolution.rs\/index.php\/it-oprema\/#primaryimage\",\"url\":\"https:\/\/infosolution.rs\/wp-content\/uploads\/2025\/02\/it-oprema.jpg\",\"contentUrl\":\"https:\/\/infosolution.rs\/wp-content\/uploads\/2025\/02\/it-oprema.jpg\",\"width\":1000,\"height\":694},{\"@type\":\"BreadcrumbList\",\"@id\":\"https:\/\/infosolution.rs\/index.php\/it-oprema\/#breadcrumb\",\"itemListElement\":[{\"@type\":\"ListItem\",\"position\":1,\"name\":\"Home\",\"item\":\"https:\/\/infosolution.rs\/\"},{\"@type\":\"ListItem\",\"position\":2,\"name\":\"IT Oprema\"}]},{\"@type\":\"WebSite\",\"@id\":\"https:\/\/infosolution.rs\/#website\",\"url\":\"https:\/\/infosolution.rs\/\",\"name\":\"InfoSolution\",\"description\":\"\",\"potentialAction\":[{\"@type\":\"SearchAction\",\"target\":{\"@type\":\"EntryPoint\",\"urlTemplate\":\"https:\/\/infosolution.rs\/?s={search_term_string}\"},\"query-input\":{\"@type\":\"PropertyValueSpecification\",\"valueRequired\":true,\"valueName\":\"search_term_string\"}}],\"inLanguage\":\"en-US\"}]}<\/script>\n<!-- \/ Yoast SEO plugin. -->","yoast_head_json":{"title":"IT Oprema - InfoSolution","robots":{"index":"index","follow":"follow","max-snippet":"max-snippet:-1","max-image-preview":"max-image-preview:large","max-video-preview":"max-video-preview:-1"},"canonical":"https:\/\/infosolution.rs\/index.php\/it-oprema\/","og_locale":"en_US","og_type":"article","og_title":"IT Oprema - InfoSolution","og_description":"IT OPREMA IT oprema \u010dini osnovu svih modernih tehnolo\u0161kih sistema i omogu\u0107ava rad ra\u010dunarskih mre\u017ea i drugih digitalnih re\u0161enja. Evo nekoliko zanimljivih aspekata IT opreme: 1. Serveri:&#8211; Fizi\u010dki serveri: Sna\u017eni ra\u010dunari dizajnirani za obradu velikih koli\u010dina podataka. Koriste se za hostovanje aplikacija i usluga.&#8211; Virtualni serveri (VPS): Virtuelizovane instance fizi\u010dkih servera koje omogu\u0107avaju fleksibilnije i [&hellip;]","og_url":"https:\/\/infosolution.rs\/index.php\/it-oprema\/","og_site_name":"InfoSolution","article_modified_time":"2025-02-24T21:38:13+00:00","og_image":[{"width":1000,"height":694,"url":"https:\/\/infosolution.rs\/wp-content\/uploads\/2025\/02\/it-oprema.jpg","type":"image\/jpeg"}],"twitter_card":"summary_large_image","twitter_misc":{"Est. reading time":"2 minutes"},"schema":{"@context":"https:\/\/schema.org","@graph":[{"@type":"WebPage","@id":"https:\/\/infosolution.rs\/index.php\/it-oprema\/","url":"https:\/\/infosolution.rs\/index.php\/it-oprema\/","name":"IT Oprema - InfoSolution","isPartOf":{"@id":"https:\/\/infosolution.rs\/#website"},"primaryImageOfPage":{"@id":"https:\/\/infosolution.rs\/index.php\/it-oprema\/#primaryimage"},"image":{"@id":"https:\/\/infosolution.rs\/index.php\/it-oprema\/#primaryimage"},"thumbnailUrl":"https:\/\/infosolution.rs\/wp-content\/uploads\/2025\/02\/it-oprema.jpg","datePublished":"2025-02-21T11:01:32+00:00","dateModified":"2025-02-24T21:38:13+00:00","breadcrumb":{"@id":"https:\/\/infosolution.rs\/index.php\/it-oprema\/#breadcrumb"},"inLanguage":"en-US","potentialAction":[{"@type":"ReadAction","target":["https:\/\/infosolution.rs\/index.php\/it-oprema\/"]}]},{"@type":"ImageObject","inLanguage":"en-US","@id":"https:\/\/infosolution.rs\/index.php\/it-oprema\/#primaryimage","url":"https:\/\/infosolution.rs\/wp-content\/uploads\/2025\/02\/it-oprema.jpg","contentUrl":"https:\/\/infosolution.rs\/wp-content\/uploads\/2025\/02\/it-oprema.jpg","width":1000,"height":694},{"@type":"BreadcrumbList","@id":"https:\/\/infosolution.rs\/index.php\/it-oprema\/#breadcrumb","itemListElement":[{"@type":"ListItem","position":1,"name":"Home","item":"https:\/\/infosolution.rs\/"},{"@type":"ListItem","position":2,"name":"IT Oprema"}]},{"@type":"WebSite","@id":"https:\/\/infosolution.rs\/#website","url":"https:\/\/infosolution.rs\/","name":"InfoSolution","description":"","potentialAction":[{"@type":"SearchAction","target":{"@type":"EntryPoint","urlTemplate":"https:\/\/infosolution.rs\/?s={search_term_string}"},"query-input":{"@type":"PropertyValueSpecification","valueRequired":true,"valueName":"search_term_string"}}],"inLanguage":"en-US"}]}},"_links":{"self":[{"href":"https:\/\/infosolution.rs\/index.php\/wp-json\/wp\/v2\/pages\/251","targetHints":{"allow":["GET"]}}],"collection":[{"href":"https:\/\/infosolution.rs\/index.php\/wp-json\/wp\/v2\/pages"}],"about":[{"href":"https:\/\/infosolution.rs\/index.php\/wp-json\/wp\/v2\/types\/page"}],"author":[{"embeddable":true,"href":"https:\/\/infosolution.rs\/index.php\/wp-json\/wp\/v2\/users\/1"}],"replies":[{"embeddable":true,"href":"https:\/\/infosolution.rs\/index.php\/wp-json\/wp\/v2\/comments?post=251"}],"version-history":[{"count":61,"href":"https:\/\/infosolution.rs\/index.php\/wp-json\/wp\/v2\/pages\/251\/revisions"}],"predecessor-version":[{"id":620,"href":"https:\/\/infosolution.rs\/index.php\/wp-json\/wp\/v2\/pages\/251\/revisions\/620"}],"wp:attachment":[{"href":"https:\/\/infosolution.rs\/index.php\/wp-json\/wp\/v2\/media?parent=251"}],"curies":[{"name":"wp","href":"https:\/\/api.w.org\/{rel}","templated":true}]}}