{"id":539,"date":"2025-02-24T18:11:44","date_gmt":"2025-02-24T18:11:44","guid":{"rendered":"https:\/\/infosolution.rs\/?page_id=539"},"modified":"2025-03-02T14:28:04","modified_gmt":"2025-03-02T14:28:04","slug":"o-nama","status":"publish","type":"page","link":"https:\/\/infosolution.rs\/index.php\/o-nama\/","title":{"rendered":"O nama"},"content":{"rendered":"\t\t<div data-elementor-type=\"wp-page\" data-elementor-id=\"539\" class=\"elementor elementor-539\">\n\t\t\t\t<div class=\"elementor-element elementor-element-251ca05 e-con-full e-flex e-con e-parent\" data-id=\"251ca05\" data-element_type=\"container\" data-settings=\"{&quot;background_background&quot;:&quot;classic&quot;}\">\n\t\t\t\t<div class=\"elementor-element elementor-element-74b77c2 elementor-widget elementor-widget-heading\" data-id=\"74b77c2\" data-element_type=\"widget\" data-widget_type=\"heading.default\">\n\t\t\t\t<div class=\"elementor-widget-container\">\n\t\t\t\t\t<h4 class=\"elementor-heading-title elementor-size-default\">O nama<\/h4>\t\t\t\t<\/div>\n\t\t\t\t<\/div>\n\t\t\t\t<div class=\"elementor-element elementor-element-9517eca elementor-widget__width-initial elementor-widget elementor-widget-heading\" data-id=\"9517eca\" data-element_type=\"widget\" data-widget_type=\"heading.default\">\n\t\t\t\t<div class=\"elementor-widget-container\">\n\t\t\t\t\t<h2 class=\"elementor-heading-title elementor-size-default\">InfoSolution je doma\u0107a agencija sa evropskim standardima i kvalitetom rada.Trudimo se da na\u0161i klijentu budu pre svega zadovoljni uslugom,brzinom rada kao i cenom.\nU svetu brzih promena prava re\u0161enja \u010dine razliku a mi smo agencija koja nudi vrhunska tehnolo\u0161ka re\u0161enja dizajnirana da unaprede poslovanje i svakodnevni \u017eivot na\u0161ih klijenata. \nBilo da vam je potrebno razviti softver po meri,optimizovati poslovne procese unaprediti IT infrastrukturu,pove\u0107ati ili unaprediti bezbednost mi smo tu da vam predlo\u017eimo re\u0161enje. \nNa\u0161a misija je jednostavna pomo\u0107i vam da rastete kroz inovacije i optimizacije. \nImaju\u0107i ovaj moto na umu, koristimo najnovije tehnologije kako bi isporu\u010dili re\u0161enja koja su ta\u010dna, efikasna i prilago\u0111ena Va\u0161im potrebama.<\/h2>\t\t\t\t<\/div>\n\t\t\t\t<\/div>\n\t\t\t\t<\/div>\n\t\t<div class=\"elementor-element elementor-element-131c214 e-flex e-con-boxed e-con e-parent\" data-id=\"131c214\" data-element_type=\"container\">\n\t\t\t\t\t<div class=\"e-con-inner\">\n\t\t<div class=\"elementor-element elementor-element-13a2247 e-con-full e-flex e-con e-child\" data-id=\"13a2247\" data-element_type=\"container\">\n\t\t\t\t<div class=\"elementor-element elementor-element-da4f17b elementor-widget elementor-widget-image\" data-id=\"da4f17b\" data-element_type=\"widget\" data-widget_type=\"image.default\">\n\t\t\t\t<div class=\"elementor-widget-container\">\n\t\t\t\t\t\t\t\t\t\t\t\t\t\t\t<img fetchpriority=\"high\" decoding=\"async\" width=\"1024\" height=\"618\" src=\"https:\/\/infosolution.rs\/wp-content\/uploads\/2025\/02\/network-support-1024x618.jpeg\" class=\"attachment-large size-large wp-image-177\" alt=\"\" srcset=\"https:\/\/infosolution.rs\/wp-content\/uploads\/2025\/02\/network-support-1024x618.jpeg 1024w, https:\/\/infosolution.rs\/wp-content\/uploads\/2025\/02\/network-support-300x181.jpeg 300w, https:\/\/infosolution.rs\/wp-content\/uploads\/2025\/02\/network-support-768x464.jpeg 768w, https:\/\/infosolution.rs\/wp-content\/uploads\/2025\/02\/network-support-1536x928.jpeg 1536w, https:\/\/infosolution.rs\/wp-content\/uploads\/2025\/02\/network-support.jpeg 2000w\" sizes=\"(max-width: 1024px) 100vw, 1024px\" \/>\t\t\t\t\t\t\t\t\t\t\t\t\t\t\t<\/div>\n\t\t\t\t<\/div>\n\t\t\t\t<\/div>\n\t\t<div class=\"elementor-element elementor-element-f2da3c7 e-con-full e-flex e-con e-child\" data-id=\"f2da3c7\" data-element_type=\"container\">\n\t\t\t\t<div class=\"elementor-element elementor-element-1511659 elementor-widget elementor-widget-heading\" data-id=\"1511659\" data-element_type=\"widget\" data-widget_type=\"heading.default\">\n\t\t\t\t<div class=\"elementor-widget-container\">\n\t\t\t\t\t<h2 class=\"elementor-heading-title elementor-size-default\">Za\u0161to odabrati nas?<\/h2>\t\t\t\t<\/div>\n\t\t\t\t<\/div>\n\t\t\t\t<div class=\"elementor-element elementor-element-545b2cf elementor-widget elementor-widget-heading\" data-id=\"545b2cf\" data-element_type=\"widget\" data-widget_type=\"heading.default\">\n\t\t\t\t<div class=\"elementor-widget-container\">\n\t\t\t\t\t<span class=\"elementor-heading-title elementor-size-default\">Info solution je mlada firma koja nastoji da unapredi svoje poslovanje oslu\u0161kuju\u0107i potrebe korisnika kao i da se maksimalno probije na tr\u017ei\u0161te neospornim kvalitetom.\n\n<br> <br> \n\"Zadovoljan klijent je najbolji klijent!\"<\/span>\t\t\t\t<\/div>\n\t\t\t\t<\/div>\n\t\t\t\t<div class=\"elementor-element elementor-element-e0e7105 elementor-view-default elementor-widget elementor-widget-icon\" data-id=\"e0e7105\" data-element_type=\"widget\" data-widget_type=\"icon.default\">\n\t\t\t\t<div class=\"elementor-widget-container\">\n\t\t\t\t\t\t\t<div class=\"elementor-icon-wrapper\">\n\t\t\t<a class=\"elementor-icon\" href=\"http:\/\/+381646172029\">\n\t\t\t<svg aria-hidden=\"true\" class=\"e-font-icon-svg e-fas-phone-square-alt\" viewBox=\"0 0 448 512\" xmlns=\"http:\/\/www.w3.org\/2000\/svg\"><path d=\"M400 32H48A48 48 0 0 0 0 80v352a48 48 0 0 0 48 48h352a48 48 0 0 0 48-48V80a48 48 0 0 0-48-48zm-16.39 307.37l-15 65A15 15 0 0 1 354 416C194 416 64 286.29 64 126a15.7 15.7 0 0 1 11.63-14.61l65-15A18.23 18.23 0 0 1 144 96a16.27 16.27 0 0 1 13.79 9.09l30 70A17.9 17.9 0 0 1 189 181a17 17 0 0 1-5.5 11.61l-37.89 31a231.91 231.91 0 0 0 110.78 110.78l31-37.89A17 17 0 0 1 299 291a17.85 17.85 0 0 1 5.91 1.21l70 30A16.25 16.25 0 0 1 384 336a17.41 17.41 0 0 1-.39 3.37z\"><\/path><\/svg>\t\t\t<\/a>\n\t\t<\/div>\n\t\t\t\t\t\t<\/div>\n\t\t\t\t<\/div>\n\t\t\t\t<\/div>\n\t\t\t\t\t<\/div>\n\t\t\t\t<\/div>\n\t\t<div class=\"elementor-element elementor-element-fff80f7 e-con-full e-flex e-con e-parent\" data-id=\"fff80f7\" data-element_type=\"container\">\n\t\t<div class=\"elementor-element elementor-element-c2510ab e-con-full e-flex e-con e-child\" data-id=\"c2510ab\" data-element_type=\"container\" data-settings=\"{&quot;background_background&quot;:&quot;classic&quot;}\">\n\t\t\t\t<div class=\"elementor-element elementor-element-8781334 elementor-widget elementor-widget-heading\" data-id=\"8781334\" data-element_type=\"widget\" data-widget_type=\"heading.default\">\n\t\t\t\t<div class=\"elementor-widget-container\">\n\t\t\t\t\t<h2 class=\"elementor-heading-title elementor-size-default\">Pozovite nas<\/h2>\t\t\t\t<\/div>\n\t\t\t\t<\/div>\n\t\t\t\t<div class=\"elementor-element elementor-element-8eecbad elementor-widget elementor-widget-heading\" data-id=\"8eecbad\" data-element_type=\"widget\" data-widget_type=\"heading.default\">\n\t\t\t\t<div class=\"elementor-widget-container\">\n\t\t\t\t\t<span class=\"elementor-heading-title elementor-size-default\">Ukoliko vam je potreban websajt za Va\u0161 business ili imate mre\u017eu u kojoj se i ne snalazite pa je neophodno odr\u017eavanje, tu smo za vas!<\/span>\t\t\t\t<\/div>\n\t\t\t\t<\/div>\n\t\t\t\t<\/div>\n\t\t<div class=\"elementor-element elementor-element-9838a91 e-con-full e-flex e-con e-child\" data-id=\"9838a91\" data-element_type=\"container\" data-settings=\"{&quot;background_background&quot;:&quot;classic&quot;}\">\n\t\t\t\t<div class=\"elementor-element elementor-element-47436a7 elementor-widget elementor-widget-heading\" data-id=\"47436a7\" data-element_type=\"widget\" data-widget_type=\"heading.default\">\n\t\t\t\t<div class=\"elementor-widget-container\">\n\t\t\t\t\t<h2 class=\"elementor-heading-title elementor-size-default\">+381646172029<\/h2>\t\t\t\t<\/div>\n\t\t\t\t<\/div>\n\t\t\t\t<\/div>\n\t\t\t\t<\/div>\n\t\t\t\t<\/div>\n\t\t","protected":false},"excerpt":{"rendered":"<p>O nama InfoSolution je doma\u0107a agencija sa evropskim standardima i kvalitetom rada.Trudimo se da na\u0161i klijentu budu pre svega zadovoljni uslugom,brzinom rada kao i cenom. U svetu brzih promena prava re\u0161enja \u010dine razliku a mi smo agencija koja nudi vrhunska tehnolo\u0161ka re\u0161enja dizajnirana da unaprede poslovanje i svakodnevni \u017eivot na\u0161ih klijenata. Bilo da vam je [&hellip;]<\/p>\n","protected":false},"author":2,"featured_media":0,"parent":0,"menu_order":0,"comment_status":"closed","ping_status":"closed","template":"elementor_header_footer","meta":{"footnotes":""},"class_list":["post-539","page","type-page","status-publish","hentry"],"yoast_head":"<!-- This site is optimized with the Yoast SEO plugin v24.9 - https:\/\/yoast.com\/wordpress\/plugins\/seo\/ -->\n<title>O nama - InfoSolution<\/title>\n<meta name=\"robots\" content=\"index, follow, max-snippet:-1, max-image-preview:large, max-video-preview:-1\" \/>\n<link rel=\"canonical\" href=\"https:\/\/infosolution.rs\/index.php\/o-nama\/\" \/>\n<meta property=\"og:locale\" content=\"en_US\" \/>\n<meta property=\"og:type\" content=\"article\" \/>\n<meta property=\"og:title\" content=\"O nama - InfoSolution\" \/>\n<meta property=\"og:description\" content=\"O nama InfoSolution je doma\u0107a agencija sa evropskim standardima i kvalitetom rada.Trudimo se da na\u0161i klijentu budu pre svega zadovoljni uslugom,brzinom rada kao i cenom. U svetu brzih promena prava re\u0161enja \u010dine razliku a mi smo agencija koja nudi vrhunska tehnolo\u0161ka re\u0161enja dizajnirana da unaprede poslovanje i svakodnevni \u017eivot na\u0161ih klijenata. Bilo da vam je [&hellip;]\" \/>\n<meta property=\"og:url\" content=\"https:\/\/infosolution.rs\/index.php\/o-nama\/\" \/>\n<meta property=\"og:site_name\" content=\"InfoSolution\" \/>\n<meta property=\"article:modified_time\" content=\"2025-03-02T14:28:04+00:00\" \/>\n<meta property=\"og:image\" content=\"https:\/\/infosolution.rs\/wp-content\/uploads\/2025\/02\/network-support.jpeg\" \/>\n\t<meta property=\"og:image:width\" content=\"2000\" \/>\n\t<meta property=\"og:image:height\" content=\"1208\" \/>\n\t<meta property=\"og:image:type\" content=\"image\/jpeg\" \/>\n<meta name=\"twitter:card\" content=\"summary_large_image\" \/>\n<meta name=\"twitter:label1\" content=\"Est. reading time\" \/>\n\t<meta name=\"twitter:data1\" content=\"1 minute\" \/>\n<script type=\"application\/ld+json\" class=\"yoast-schema-graph\">{\"@context\":\"https:\/\/schema.org\",\"@graph\":[{\"@type\":\"WebPage\",\"@id\":\"https:\/\/infosolution.rs\/index.php\/o-nama\/\",\"url\":\"https:\/\/infosolution.rs\/index.php\/o-nama\/\",\"name\":\"O nama - InfoSolution\",\"isPartOf\":{\"@id\":\"https:\/\/infosolution.rs\/#website\"},\"primaryImageOfPage\":{\"@id\":\"https:\/\/infosolution.rs\/index.php\/o-nama\/#primaryimage\"},\"image\":{\"@id\":\"https:\/\/infosolution.rs\/index.php\/o-nama\/#primaryimage\"},\"thumbnailUrl\":\"https:\/\/infosolution.rs\/wp-content\/uploads\/2025\/02\/network-support-1024x618.jpeg\",\"datePublished\":\"2025-02-24T18:11:44+00:00\",\"dateModified\":\"2025-03-02T14:28:04+00:00\",\"breadcrumb\":{\"@id\":\"https:\/\/infosolution.rs\/index.php\/o-nama\/#breadcrumb\"},\"inLanguage\":\"en-US\",\"potentialAction\":[{\"@type\":\"ReadAction\",\"target\":[\"https:\/\/infosolution.rs\/index.php\/o-nama\/\"]}]},{\"@type\":\"ImageObject\",\"inLanguage\":\"en-US\",\"@id\":\"https:\/\/infosolution.rs\/index.php\/o-nama\/#primaryimage\",\"url\":\"https:\/\/infosolution.rs\/wp-content\/uploads\/2025\/02\/network-support.jpeg\",\"contentUrl\":\"https:\/\/infosolution.rs\/wp-content\/uploads\/2025\/02\/network-support.jpeg\",\"width\":2000,\"height\":1208,\"caption\":\"Test 2\"},{\"@type\":\"BreadcrumbList\",\"@id\":\"https:\/\/infosolution.rs\/index.php\/o-nama\/#breadcrumb\",\"itemListElement\":[{\"@type\":\"ListItem\",\"position\":1,\"name\":\"Home\",\"item\":\"https:\/\/infosolution.rs\/\"},{\"@type\":\"ListItem\",\"position\":2,\"name\":\"O nama\"}]},{\"@type\":\"WebSite\",\"@id\":\"https:\/\/infosolution.rs\/#website\",\"url\":\"https:\/\/infosolution.rs\/\",\"name\":\"InfoSolution\",\"description\":\"\",\"potentialAction\":[{\"@type\":\"SearchAction\",\"target\":{\"@type\":\"EntryPoint\",\"urlTemplate\":\"https:\/\/infosolution.rs\/?s={search_term_string}\"},\"query-input\":{\"@type\":\"PropertyValueSpecification\",\"valueRequired\":true,\"valueName\":\"search_term_string\"}}],\"inLanguage\":\"en-US\"}]}<\/script>\n<!-- \/ Yoast SEO plugin. -->","yoast_head_json":{"title":"O nama - InfoSolution","robots":{"index":"index","follow":"follow","max-snippet":"max-snippet:-1","max-image-preview":"max-image-preview:large","max-video-preview":"max-video-preview:-1"},"canonical":"https:\/\/infosolution.rs\/index.php\/o-nama\/","og_locale":"en_US","og_type":"article","og_title":"O nama - InfoSolution","og_description":"O nama InfoSolution je doma\u0107a agencija sa evropskim standardima i kvalitetom rada.Trudimo se da na\u0161i klijentu budu pre svega zadovoljni uslugom,brzinom rada kao i cenom. U svetu brzih promena prava re\u0161enja \u010dine razliku a mi smo agencija koja nudi vrhunska tehnolo\u0161ka re\u0161enja dizajnirana da unaprede poslovanje i svakodnevni \u017eivot na\u0161ih klijenata. Bilo da vam je [&hellip;]","og_url":"https:\/\/infosolution.rs\/index.php\/o-nama\/","og_site_name":"InfoSolution","article_modified_time":"2025-03-02T14:28:04+00:00","og_image":[{"width":2000,"height":1208,"url":"https:\/\/infosolution.rs\/wp-content\/uploads\/2025\/02\/network-support.jpeg","type":"image\/jpeg"}],"twitter_card":"summary_large_image","twitter_misc":{"Est. reading time":"1 minute"},"schema":{"@context":"https:\/\/schema.org","@graph":[{"@type":"WebPage","@id":"https:\/\/infosolution.rs\/index.php\/o-nama\/","url":"https:\/\/infosolution.rs\/index.php\/o-nama\/","name":"O nama - InfoSolution","isPartOf":{"@id":"https:\/\/infosolution.rs\/#website"},"primaryImageOfPage":{"@id":"https:\/\/infosolution.rs\/index.php\/o-nama\/#primaryimage"},"image":{"@id":"https:\/\/infosolution.rs\/index.php\/o-nama\/#primaryimage"},"thumbnailUrl":"https:\/\/infosolution.rs\/wp-content\/uploads\/2025\/02\/network-support-1024x618.jpeg","datePublished":"2025-02-24T18:11:44+00:00","dateModified":"2025-03-02T14:28:04+00:00","breadcrumb":{"@id":"https:\/\/infosolution.rs\/index.php\/o-nama\/#breadcrumb"},"inLanguage":"en-US","potentialAction":[{"@type":"ReadAction","target":["https:\/\/infosolution.rs\/index.php\/o-nama\/"]}]},{"@type":"ImageObject","inLanguage":"en-US","@id":"https:\/\/infosolution.rs\/index.php\/o-nama\/#primaryimage","url":"https:\/\/infosolution.rs\/wp-content\/uploads\/2025\/02\/network-support.jpeg","contentUrl":"https:\/\/infosolution.rs\/wp-content\/uploads\/2025\/02\/network-support.jpeg","width":2000,"height":1208,"caption":"Test 2"},{"@type":"BreadcrumbList","@id":"https:\/\/infosolution.rs\/index.php\/o-nama\/#breadcrumb","itemListElement":[{"@type":"ListItem","position":1,"name":"Home","item":"https:\/\/infosolution.rs\/"},{"@type":"ListItem","position":2,"name":"O nama"}]},{"@type":"WebSite","@id":"https:\/\/infosolution.rs\/#website","url":"https:\/\/infosolution.rs\/","name":"InfoSolution","description":"","potentialAction":[{"@type":"SearchAction","target":{"@type":"EntryPoint","urlTemplate":"https:\/\/infosolution.rs\/?s={search_term_string}"},"query-input":{"@type":"PropertyValueSpecification","valueRequired":true,"valueName":"search_term_string"}}],"inLanguage":"en-US"}]}},"_links":{"self":[{"href":"https:\/\/infosolution.rs\/index.php\/wp-json\/wp\/v2\/pages\/539","targetHints":{"allow":["GET"]}}],"collection":[{"href":"https:\/\/infosolution.rs\/index.php\/wp-json\/wp\/v2\/pages"}],"about":[{"href":"https:\/\/infosolution.rs\/index.php\/wp-json\/wp\/v2\/types\/page"}],"author":[{"embeddable":true,"href":"https:\/\/infosolution.rs\/index.php\/wp-json\/wp\/v2\/users\/2"}],"replies":[{"embeddable":true,"href":"https:\/\/infosolution.rs\/index.php\/wp-json\/wp\/v2\/comments?post=539"}],"version-history":[{"count":22,"href":"https:\/\/infosolution.rs\/index.php\/wp-json\/wp\/v2\/pages\/539\/revisions"}],"predecessor-version":[{"id":645,"href":"https:\/\/infosolution.rs\/index.php\/wp-json\/wp\/v2\/pages\/539\/revisions\/645"}],"wp:attachment":[{"href":"https:\/\/infosolution.rs\/index.php\/wp-json\/wp\/v2\/media?parent=539"}],"curies":[{"name":"wp","href":"https:\/\/api.w.org\/{rel}","templated":true}]}}