{"id":555,"date":"2025-02-24T18:46:23","date_gmt":"2025-02-24T18:46:23","guid":{"rendered":"https:\/\/infosolution.rs\/?page_id=555"},"modified":"2025-03-02T14:17:31","modified_gmt":"2025-03-02T14:17:31","slug":"usluge","status":"publish","type":"page","link":"https:\/\/infosolution.rs\/index.php\/usluge\/","title":{"rendered":"Usluge"},"content":{"rendered":"\t\t<div data-elementor-type=\"wp-page\" data-elementor-id=\"555\" class=\"elementor elementor-555\">\n\t\t\t\t<div class=\"elementor-element elementor-element-251ca05 e-flex e-con-boxed e-con e-parent\" data-id=\"251ca05\" data-element_type=\"container\" data-settings=\"{&quot;background_background&quot;:&quot;classic&quot;}\">\n\t\t\t\t\t<div class=\"e-con-inner\">\n\t\t\t\t<div class=\"elementor-element elementor-element-d92d370 elementor-widget elementor-widget-heading\" data-id=\"d92d370\" data-element_type=\"widget\" data-widget_type=\"heading.default\">\n\t\t\t\t<div class=\"elementor-widget-container\">\n\t\t\t\t\t<h2 class=\"elementor-heading-title elementor-size-default\">USLUGE InfoSolution<\/h2>\t\t\t\t<\/div>\n\t\t\t\t<\/div>\n\t\t<div class=\"elementor-element elementor-element-b5f4963 e-grid e-con-full e-con e-child\" data-id=\"b5f4963\" data-element_type=\"container\">\n\t\t\t\t<div class=\"elementor-element elementor-element-82ca231 elementor-widget elementor-widget-heading\" data-id=\"82ca231\" data-element_type=\"widget\" data-widget_type=\"heading.default\">\n\t\t\t\t<div class=\"elementor-widget-container\">\n\t\t\t\t\t<h4 class=\"elementor-heading-title elementor-size-default\">InfoSolution pru\u017ea usluge izrade i odr\u017eavanja kompjuterskih mre\u017ea i voip centrala.Prate\u0107i zahteve uglavnom lojalnih korisnika sve vi\u0161e idemo u smeru ka poslovima tehni\u010dke za\u0161tite (video-nadzor), da bi nas kontinuitet poslovanja preporu\u010dio i ponudio novu ulogu na polju administracije, optimizacije i odr\u017eavanja va\u0161ih servera, rutera, switcheva, firewall-a, mailova, antivirusa, kao i stru\u010dnih konsultacija  a sve u cilju optimizacije resursa va\u0161e mre\u017ee.<\/h4>\t\t\t\t<\/div>\n\t\t\t\t<\/div>\n\t\t\t\t<\/div>\n\t\t\t\t\t<\/div>\n\t\t\t\t<\/div>\n\t\t<div class=\"elementor-element elementor-element-d689f27 e-flex e-con-boxed e-con e-parent\" data-id=\"d689f27\" data-element_type=\"container\">\n\t\t\t\t\t<div class=\"e-con-inner\">\n\t\t<div class=\"elementor-element elementor-element-39bb6b9 e-con-full e-flex e-con e-child\" data-id=\"39bb6b9\" data-element_type=\"container\">\n\t\t\t\t<div class=\"elementor-element elementor-element-297e476 elementor-widget__width-initial elementor-widget elementor-widget-image\" data-id=\"297e476\" data-element_type=\"widget\" data-widget_type=\"image.default\">\n\t\t\t\t<div class=\"elementor-widget-container\">\n\t\t\t\t\t\t\t\t\t\t\t\t\t\t\t<img fetchpriority=\"high\" decoding=\"async\" width=\"300\" height=\"300\" src=\"https:\/\/infosolution.rs\/wp-content\/uploads\/slider2\/image1-300x300.jpeg\" class=\"attachment-medium size-medium wp-image-505\" alt=\"\" srcset=\"https:\/\/infosolution.rs\/wp-content\/uploads\/slider2\/image1-300x300.jpeg 300w, https:\/\/infosolution.rs\/wp-content\/uploads\/slider2\/image1-150x150.jpeg 150w, https:\/\/infosolution.rs\/wp-content\/uploads\/slider2\/image1.jpeg 735w\" sizes=\"(max-width: 300px) 100vw, 300px\" \/>\t\t\t\t\t\t\t\t\t\t\t\t\t\t\t<\/div>\n\t\t\t\t<\/div>\n\t\t\t\t<div class=\"elementor-element elementor-element-2556421 elementor-widget__width-initial elementor-widget elementor-widget-image\" data-id=\"2556421\" data-element_type=\"widget\" data-widget_type=\"image.default\">\n\t\t\t\t<div class=\"elementor-widget-container\">\n\t\t\t\t\t\t\t\t\t\t\t\t\t\t\t<img decoding=\"async\" width=\"738\" height=\"415\" src=\"https:\/\/infosolution.rs\/wp-content\/uploads\/slider3\/racunarskemreze.webp\" class=\"attachment-medium_large size-medium_large wp-image-518\" alt=\"\" srcset=\"https:\/\/infosolution.rs\/wp-content\/uploads\/slider3\/racunarskemreze.webp 738w, https:\/\/infosolution.rs\/wp-content\/uploads\/slider3\/racunarskemreze-300x169.webp 300w\" sizes=\"(max-width: 738px) 100vw, 738px\" \/>\t\t\t\t\t\t\t\t\t\t\t\t\t\t\t<\/div>\n\t\t\t\t<\/div>\n\t\t\t\t<div class=\"elementor-element elementor-element-95aec78 elementor-widget__width-initial elementor-widget elementor-widget-image\" data-id=\"95aec78\" data-element_type=\"widget\" data-widget_type=\"image.default\">\n\t\t\t\t<div class=\"elementor-widget-container\">\n\t\t\t\t\t\t\t\t\t\t\t\t\t\t\t<img decoding=\"async\" width=\"300\" height=\"208\" src=\"https:\/\/infosolution.rs\/wp-content\/uploads\/2025\/02\/it-oprema-300x208.jpg\" class=\"attachment-medium size-medium wp-image-562\" alt=\"\" srcset=\"https:\/\/infosolution.rs\/wp-content\/uploads\/2025\/02\/it-oprema-300x208.jpg 300w, https:\/\/infosolution.rs\/wp-content\/uploads\/2025\/02\/it-oprema-768x533.jpg 768w, https:\/\/infosolution.rs\/wp-content\/uploads\/2025\/02\/it-oprema.jpg 1000w\" sizes=\"(max-width: 300px) 100vw, 300px\" \/>\t\t\t\t\t\t\t\t\t\t\t\t\t\t\t<\/div>\n\t\t\t\t<\/div>\n\t\t\t\t<\/div>\n\t\t<div class=\"elementor-element elementor-element-1dce59e e-con-full e-flex e-con e-child\" data-id=\"1dce59e\" data-element_type=\"container\">\n\t\t\t\t<div class=\"elementor-element elementor-element-6931d2b elementor-widget elementor-widget-text-editor\" data-id=\"6931d2b\" data-element_type=\"widget\" data-widget_type=\"text-editor.default\">\n\t\t\t\t<div class=\"elementor-widget-container\">\n\t\t\t\t\t\t\t\t\t<p><span style=\"color: #2759a4; font-family: Poppins, sans-serif; letter-spacing: -0.1px; white-space-collapse: preserve;\">Video nadzor :<\/span><br style=\"color: #2759a4; font-family: Poppins, sans-serif; letter-spacing: -0.1px; white-space-collapse: preserve;\" \/><span style=\"color: #2759a4; font-family: Poppins, sans-serif; letter-spacing: -0.1px; white-space-collapse: preserve;\">Sistemi video nadzora raznih rezolucija i tehnologija naj\u010de\u0161\u0107e se primenjuju za za\u0161titu stambenih, poslovnih i objekata za specijalnu namenu.Vi\u0161egodi\u0161nje iskustvo u ovoj oblasti daje nam odgovor na sve va\u0161e zahteve<\/span><\/p>\t\t\t\t\t\t\t\t<\/div>\n\t\t\t\t<\/div>\n\t\t\t\t<div class=\"elementor-element elementor-element-468d5fe elementor-widget elementor-widget-button\" data-id=\"468d5fe\" data-element_type=\"widget\" data-widget_type=\"button.default\">\n\t\t\t\t<div class=\"elementor-widget-container\">\n\t\t\t\t\t\t\t\t\t<div class=\"elementor-button-wrapper\">\n\t\t\t\t\t<a class=\"elementor-button elementor-button-link elementor-size-sm\" href=\"https:\/\/infosolution.rs\/index.php\/video-nadzor\/\">\n\t\t\t\t\t\t<span class=\"elementor-button-content-wrapper\">\n\t\t\t\t\t\t\t\t\t<span class=\"elementor-button-text\">Vi\u0161e o ovoj usluzi<\/span>\n\t\t\t\t\t<\/span>\n\t\t\t\t\t<\/a>\n\t\t\t\t<\/div>\n\t\t\t\t\t\t\t\t<\/div>\n\t\t\t\t<\/div>\n\t\t\t\t<div class=\"elementor-element elementor-element-b1e75af elementor-widget elementor-widget-text-editor\" data-id=\"b1e75af\" data-element_type=\"widget\" data-widget_type=\"text-editor.default\">\n\t\t\t\t<div class=\"elementor-widget-container\">\n\t\t\t\t\t\t\t\t\t<p><span style=\"color: #2759a4; font-family: Poppins, sans-serif; letter-spacing: -0.1px; white-space-collapse: preserve;\">Ra\u010dunarske mre\u017ee :<\/span><br style=\"color: #2759a4; font-family: Poppins, sans-serif; letter-spacing: -0.1px; white-space-collapse: preserve;\" \/><span style=\"color: #2759a4; font-family: Poppins, sans-serif;\"><span style=\"white-space-collapse: preserve;\">Ra\u010dunarska mre\u017ea je pojam koji se odnosi na ra\u010dunare i druge ure\u0111aje koji su me\u0111usobno povezani kablovima ili na neki drugi na\u010din<\/span><\/span><\/p>\t\t\t\t\t\t\t\t<\/div>\n\t\t\t\t<\/div>\n\t\t\t\t<div class=\"elementor-element elementor-element-6ed06e9 elementor-widget elementor-widget-button\" data-id=\"6ed06e9\" data-element_type=\"widget\" data-widget_type=\"button.default\">\n\t\t\t\t<div class=\"elementor-widget-container\">\n\t\t\t\t\t\t\t\t\t<div class=\"elementor-button-wrapper\">\n\t\t\t\t\t<a class=\"elementor-button elementor-button-link elementor-size-sm\" href=\"https:\/\/infosolution.rs\/index.php\/racunarske-mreze\/\">\n\t\t\t\t\t\t<span class=\"elementor-button-content-wrapper\">\n\t\t\t\t\t\t\t\t\t<span class=\"elementor-button-text\">Vi\u0161e o ovoj usluzi<\/span>\n\t\t\t\t\t<\/span>\n\t\t\t\t\t<\/a>\n\t\t\t\t<\/div>\n\t\t\t\t\t\t\t\t<\/div>\n\t\t\t\t<\/div>\n\t\t\t\t<div class=\"elementor-element elementor-element-12fa0f3 elementor-widget elementor-widget-text-editor\" data-id=\"12fa0f3\" data-element_type=\"widget\" data-widget_type=\"text-editor.default\">\n\t\t\t\t<div class=\"elementor-widget-container\">\n\t\t\t\t\t\t\t\t\t<p><span style=\"color: #2759a4; font-family: Poppins, sans-serif; letter-spacing: -0.1px; white-space-collapse: preserve;\">IT oprema :<\/span><br style=\"color: #2759a4; font-family: Poppins, sans-serif; letter-spacing: -0.1px; white-space-collapse: preserve;\"><span style=\"color: #2759a4; font-family: Poppins, sans-serif;\"><span style=\"white-space-collapse: preserve;\">Ra\u010dunarska mre\u017ea je pojam koji se odnosi na ra\u010dunare i druge ure\u0111aje koji su me\u0111usobno povezani kablovima ili na neki drugi na\u010din<\/span><\/span><\/p>\t\t\t\t\t\t\t\t<\/div>\n\t\t\t\t<\/div>\n\t\t\t\t<div class=\"elementor-element elementor-element-6b16c19 elementor-widget elementor-widget-button\" data-id=\"6b16c19\" data-element_type=\"widget\" data-widget_type=\"button.default\">\n\t\t\t\t<div class=\"elementor-widget-container\">\n\t\t\t\t\t\t\t\t\t<div class=\"elementor-button-wrapper\">\n\t\t\t\t\t<a class=\"elementor-button elementor-button-link elementor-size-sm\" href=\"https:\/\/infosolution.rs\/index.php\/it-oprema\/\">\n\t\t\t\t\t\t<span class=\"elementor-button-content-wrapper\">\n\t\t\t\t\t\t\t\t\t<span class=\"elementor-button-text\">Vi\u0161e o ovoj usluzi<\/span>\n\t\t\t\t\t<\/span>\n\t\t\t\t\t<\/a>\n\t\t\t\t<\/div>\n\t\t\t\t\t\t\t\t<\/div>\n\t\t\t\t<\/div>\n\t\t\t\t<\/div>\n\t\t\t\t\t<\/div>\n\t\t\t\t<\/div>\n\t\t<div class=\"elementor-element elementor-element-b866868 e-flex e-con-boxed e-con e-parent\" data-id=\"b866868\" data-element_type=\"container\" data-settings=\"{&quot;background_background&quot;:&quot;classic&quot;}\">\n\t\t\t\t\t<div class=\"e-con-inner\">\n\t\t\t\t<div class=\"elementor-element elementor-element-07bcd92 elementor-widget elementor-widget-heading\" data-id=\"07bcd92\" data-element_type=\"widget\" data-widget_type=\"heading.default\">\n\t\t\t\t<div class=\"elementor-widget-container\">\n\t\t\t\t\t<h2 class=\"elementor-heading-title elementor-size-default\">Koje usluge nudimo?<\/h2>\t\t\t\t<\/div>\n\t\t\t\t<\/div>\n\t\t\t\t<div class=\"elementor-element elementor-element-01fa102 elementor-widget elementor-widget-heading\" data-id=\"01fa102\" data-element_type=\"widget\" data-widget_type=\"heading.default\">\n\t\t\t\t<div class=\"elementor-widget-container\">\n\t\t\t\t\t<span class=\"elementor-heading-title elementor-size-default\">Info solution je doma\u0107a firma sa evropskim standardima i kvalitetom rada. Trudimo se da na\u0161i klijentu budu pre svega zadovoljni uslugom a naravno i brzinom rada kao i cenom. Ukolipiti sve ovo pravi je izazov dana\u0161njice.\n\n<br> <br> \nZa nas ste sigurno \u010duli po preporuci jer se dobar glas daleko \u010duje! Opravda\u0107emo ih. <\/span>\t\t\t\t<\/div>\n\t\t\t\t<\/div>\n\t\t\t\t<div class=\"elementor-element elementor-element-6464459 elementor-widget elementor-widget-button\" data-id=\"6464459\" data-element_type=\"widget\" data-widget_type=\"button.default\">\n\t\t\t\t<div class=\"elementor-widget-container\">\n\t\t\t\t\t\t\t\t\t<div class=\"elementor-button-wrapper\">\n\t\t\t\t\t<a class=\"elementor-button elementor-button-link elementor-size-sm\" href=\"#\">\n\t\t\t\t\t\t<span class=\"elementor-button-content-wrapper\">\n\t\t\t\t\t\t\t\t\t<span class=\"elementor-button-text\">Sve usluge koje nudimo<\/span>\n\t\t\t\t\t<\/span>\n\t\t\t\t\t<\/a>\n\t\t\t\t<\/div>\n\t\t\t\t\t\t\t\t<\/div>\n\t\t\t\t<\/div>\n\t\t\t\t\t<\/div>\n\t\t\t\t<\/div>\n\t\t<div class=\"elementor-element elementor-element-131c214 e-flex e-con-boxed e-con e-parent\" data-id=\"131c214\" data-element_type=\"container\">\n\t\t\t\t\t<div class=\"e-con-inner\">\n\t\t<div class=\"elementor-element elementor-element-13a2247 e-con-full e-flex e-con e-child\" data-id=\"13a2247\" data-element_type=\"container\">\n\t\t\t\t<div class=\"elementor-element elementor-element-da4f17b elementor-widget elementor-widget-image\" data-id=\"da4f17b\" data-element_type=\"widget\" data-widget_type=\"image.default\">\n\t\t\t\t<div class=\"elementor-widget-container\">\n\t\t\t\t\t\t\t\t\t\t\t\t\t\t\t<img loading=\"lazy\" decoding=\"async\" width=\"1024\" height=\"618\" src=\"https:\/\/infosolution.rs\/wp-content\/uploads\/2025\/02\/network-support-1024x618.jpeg\" class=\"attachment-large size-large wp-image-177\" alt=\"\" srcset=\"https:\/\/infosolution.rs\/wp-content\/uploads\/2025\/02\/network-support-1024x618.jpeg 1024w, https:\/\/infosolution.rs\/wp-content\/uploads\/2025\/02\/network-support-300x181.jpeg 300w, https:\/\/infosolution.rs\/wp-content\/uploads\/2025\/02\/network-support-768x464.jpeg 768w, https:\/\/infosolution.rs\/wp-content\/uploads\/2025\/02\/network-support-1536x928.jpeg 1536w, https:\/\/infosolution.rs\/wp-content\/uploads\/2025\/02\/network-support.jpeg 2000w\" sizes=\"(max-width: 1024px) 100vw, 1024px\" \/>\t\t\t\t\t\t\t\t\t\t\t\t\t\t\t<\/div>\n\t\t\t\t<\/div>\n\t\t\t\t<\/div>\n\t\t<div class=\"elementor-element elementor-element-f2da3c7 e-con-full e-flex e-con e-child\" data-id=\"f2da3c7\" data-element_type=\"container\">\n\t\t\t\t<div class=\"elementor-element elementor-element-1511659 elementor-widget elementor-widget-heading\" data-id=\"1511659\" data-element_type=\"widget\" data-widget_type=\"heading.default\">\n\t\t\t\t<div class=\"elementor-widget-container\">\n\t\t\t\t\t<h2 class=\"elementor-heading-title elementor-size-default\">Za\u0161to odabrati nas?<\/h2>\t\t\t\t<\/div>\n\t\t\t\t<\/div>\n\t\t\t\t<div class=\"elementor-element elementor-element-545b2cf elementor-widget elementor-widget-heading\" data-id=\"545b2cf\" data-element_type=\"widget\" data-widget_type=\"heading.default\">\n\t\t\t\t<div class=\"elementor-widget-container\">\n\t\t\t\t\t<span class=\"elementor-heading-title elementor-size-default\">Info solution je mlada firma koja nastoji da unapredi svoje poslovanje oslu\u0161kuju\u0107i potrebe korisnika kao i da se maksimalno probije na tr\u017ei\u0161te neospornim kvalitetom.\n\n<br> <br> \n\"Zadovoljan klijent je najbolji klijent!\"<\/span>\t\t\t\t<\/div>\n\t\t\t\t<\/div>\n\t\t\t\t<div class=\"elementor-element elementor-element-e0e7105 elementor-view-default elementor-widget elementor-widget-icon\" data-id=\"e0e7105\" data-element_type=\"widget\" data-widget_type=\"icon.default\">\n\t\t\t\t<div class=\"elementor-widget-container\">\n\t\t\t\t\t\t\t<div class=\"elementor-icon-wrapper\">\n\t\t\t<a class=\"elementor-icon\" href=\"http:\/\/+38163255258\">\n\t\t\t<svg aria-hidden=\"true\" class=\"e-font-icon-svg e-fas-phone-volume\" viewBox=\"0 0 384 512\" xmlns=\"http:\/\/www.w3.org\/2000\/svg\"><path d=\"M97.333 506.966c-129.874-129.874-129.681-340.252 0-469.933 5.698-5.698 14.527-6.632 21.263-2.422l64.817 40.513a17.187 17.187 0 0 1 6.849 20.958l-32.408 81.021a17.188 17.188 0 0 1-17.669 10.719l-55.81-5.58c-21.051 58.261-20.612 122.471 0 179.515l55.811-5.581a17.188 17.188 0 0 1 17.669 10.719l32.408 81.022a17.188 17.188 0 0 1-6.849 20.958l-64.817 40.513a17.19 17.19 0 0 1-21.264-2.422zM247.126 95.473c11.832 20.047 11.832 45.008 0 65.055-3.95 6.693-13.108 7.959-18.718 2.581l-5.975-5.726c-3.911-3.748-4.793-9.622-2.261-14.41a32.063 32.063 0 0 0 0-29.945c-2.533-4.788-1.65-10.662 2.261-14.41l5.975-5.726c5.61-5.378 14.768-4.112 18.718 2.581zm91.787-91.187c60.14 71.604 60.092 175.882 0 247.428-4.474 5.327-12.53 5.746-17.552.933l-5.798-5.557c-4.56-4.371-4.977-11.529-.93-16.379 49.687-59.538 49.646-145.933 0-205.422-4.047-4.85-3.631-12.008.93-16.379l5.798-5.557c5.022-4.813 13.078-4.394 17.552.933zm-45.972 44.941c36.05 46.322 36.108 111.149 0 157.546-4.39 5.641-12.697 6.251-17.856 1.304l-5.818-5.579c-4.4-4.219-4.998-11.095-1.285-15.931 26.536-34.564 26.534-82.572 0-117.134-3.713-4.836-3.115-11.711 1.285-15.931l5.818-5.579c5.159-4.947 13.466-4.337 17.856 1.304z\"><\/path><\/svg>\t\t\t<\/a>\n\t\t<\/div>\n\t\t\t\t\t\t<\/div>\n\t\t\t\t<\/div>\n\t\t\t\t<\/div>\n\t\t\t\t\t<\/div>\n\t\t\t\t<\/div>\n\t\t<div class=\"elementor-element elementor-element-fff80f7 e-flex e-con-boxed e-con e-parent\" data-id=\"fff80f7\" data-element_type=\"container\">\n\t\t\t\t\t<div class=\"e-con-inner\">\n\t\t<div class=\"elementor-element elementor-element-c2510ab e-con-full e-flex e-con e-child\" data-id=\"c2510ab\" data-element_type=\"container\" data-settings=\"{&quot;background_background&quot;:&quot;classic&quot;}\">\n\t\t\t\t<div class=\"elementor-element elementor-element-8781334 elementor-widget elementor-widget-heading\" data-id=\"8781334\" data-element_type=\"widget\" data-widget_type=\"heading.default\">\n\t\t\t\t<div class=\"elementor-widget-container\">\n\t\t\t\t\t<h2 class=\"elementor-heading-title elementor-size-default\">Pozovite nas<\/h2>\t\t\t\t<\/div>\n\t\t\t\t<\/div>\n\t\t\t\t<div class=\"elementor-element elementor-element-8eecbad elementor-widget elementor-widget-heading\" data-id=\"8eecbad\" data-element_type=\"widget\" data-widget_type=\"heading.default\">\n\t\t\t\t<div class=\"elementor-widget-container\">\n\t\t\t\t\t<span class=\"elementor-heading-title elementor-size-default\">Ukoliko imate dodatnih pitanja kontaktirajte nas za dogovor<\/span>\t\t\t\t<\/div>\n\t\t\t\t<\/div>\n\t\t\t\t<\/div>\n\t\t<div class=\"elementor-element elementor-element-9838a91 e-con-full e-flex e-con e-child\" data-id=\"9838a91\" data-element_type=\"container\" data-settings=\"{&quot;background_background&quot;:&quot;classic&quot;}\">\n\t\t\t\t<div class=\"elementor-element elementor-element-47436a7 elementor-widget elementor-widget-heading\" data-id=\"47436a7\" data-element_type=\"widget\" data-widget_type=\"heading.default\">\n\t\t\t\t<div class=\"elementor-widget-container\">\n\t\t\t\t\t<h2 class=\"elementor-heading-title elementor-size-default\">+381646172029<\/h2>\t\t\t\t<\/div>\n\t\t\t\t<\/div>\n\t\t\t\t<\/div>\n\t\t\t\t\t<\/div>\n\t\t\t\t<\/div>\n\t\t\t\t<\/div>\n\t\t","protected":false},"excerpt":{"rendered":"<p>USLUGE InfoSolution InfoSolution pru\u017ea usluge izrade i odr\u017eavanja kompjuterskih mre\u017ea i voip centrala.Prate\u0107i zahteve uglavnom lojalnih korisnika sve vi\u0161e idemo u smeru ka poslovima tehni\u010dke za\u0161tite (video-nadzor), da bi nas kontinuitet poslovanja preporu\u010dio i ponudio novu ulogu na polju administracije, optimizacije i odr\u017eavanja va\u0161ih servera, rutera, switcheva, firewall-a, mailova, antivirusa, kao i stru\u010dnih konsultacija a [&hellip;]<\/p>\n","protected":false},"author":2,"featured_media":0,"parent":0,"menu_order":0,"comment_status":"closed","ping_status":"closed","template":"elementor_header_footer","meta":{"footnotes":""},"class_list":["post-555","page","type-page","status-publish","hentry"],"yoast_head":"<!-- This site is optimized with the Yoast SEO plugin v24.9 - https:\/\/yoast.com\/wordpress\/plugins\/seo\/ -->\n<title>Usluge - InfoSolution<\/title>\n<meta name=\"robots\" content=\"index, follow, max-snippet:-1, max-image-preview:large, max-video-preview:-1\" \/>\n<link rel=\"canonical\" href=\"https:\/\/infosolution.rs\/index.php\/usluge\/\" \/>\n<meta property=\"og:locale\" content=\"en_US\" \/>\n<meta property=\"og:type\" content=\"article\" \/>\n<meta property=\"og:title\" content=\"Usluge - InfoSolution\" \/>\n<meta property=\"og:description\" content=\"USLUGE InfoSolution InfoSolution pru\u017ea usluge izrade i odr\u017eavanja kompjuterskih mre\u017ea i voip centrala.Prate\u0107i zahteve uglavnom lojalnih korisnika sve vi\u0161e idemo u smeru ka poslovima tehni\u010dke za\u0161tite (video-nadzor), da bi nas kontinuitet poslovanja preporu\u010dio i ponudio novu ulogu na polju administracije, optimizacije i odr\u017eavanja va\u0161ih servera, rutera, switcheva, firewall-a, mailova, antivirusa, kao i stru\u010dnih konsultacija a [&hellip;]\" \/>\n<meta property=\"og:url\" content=\"https:\/\/infosolution.rs\/index.php\/usluge\/\" \/>\n<meta property=\"og:site_name\" content=\"InfoSolution\" \/>\n<meta property=\"article:modified_time\" content=\"2025-03-02T14:17:31+00:00\" \/>\n<meta property=\"og:image\" content=\"https:\/\/infosolution.rs\/wp-content\/uploads\/slider2\/image1.jpeg\" \/>\n\t<meta property=\"og:image:width\" content=\"735\" \/>\n\t<meta property=\"og:image:height\" content=\"736\" \/>\n\t<meta property=\"og:image:type\" content=\"image\/jpeg\" \/>\n<meta name=\"twitter:card\" content=\"summary_large_image\" \/>\n<meta name=\"twitter:label1\" content=\"Est. reading time\" \/>\n\t<meta name=\"twitter:data1\" content=\"2 minutes\" \/>\n<script type=\"application\/ld+json\" class=\"yoast-schema-graph\">{\"@context\":\"https:\/\/schema.org\",\"@graph\":[{\"@type\":\"WebPage\",\"@id\":\"https:\/\/infosolution.rs\/index.php\/usluge\/\",\"url\":\"https:\/\/infosolution.rs\/index.php\/usluge\/\",\"name\":\"Usluge - InfoSolution\",\"isPartOf\":{\"@id\":\"https:\/\/infosolution.rs\/#website\"},\"primaryImageOfPage\":{\"@id\":\"https:\/\/infosolution.rs\/index.php\/usluge\/#primaryimage\"},\"image\":{\"@id\":\"https:\/\/infosolution.rs\/index.php\/usluge\/#primaryimage\"},\"thumbnailUrl\":\"https:\/\/infosolution.rs\/wp-content\/uploads\/slider2\/image1-300x300.jpeg\",\"datePublished\":\"2025-02-24T18:46:23+00:00\",\"dateModified\":\"2025-03-02T14:17:31+00:00\",\"breadcrumb\":{\"@id\":\"https:\/\/infosolution.rs\/index.php\/usluge\/#breadcrumb\"},\"inLanguage\":\"en-US\",\"potentialAction\":[{\"@type\":\"ReadAction\",\"target\":[\"https:\/\/infosolution.rs\/index.php\/usluge\/\"]}]},{\"@type\":\"ImageObject\",\"inLanguage\":\"en-US\",\"@id\":\"https:\/\/infosolution.rs\/index.php\/usluge\/#primaryimage\",\"url\":\"https:\/\/infosolution.rs\/wp-content\/uploads\/slider2\/image1.jpeg\",\"contentUrl\":\"https:\/\/infosolution.rs\/wp-content\/uploads\/slider2\/image1.jpeg\",\"width\":735,\"height\":736},{\"@type\":\"BreadcrumbList\",\"@id\":\"https:\/\/infosolution.rs\/index.php\/usluge\/#breadcrumb\",\"itemListElement\":[{\"@type\":\"ListItem\",\"position\":1,\"name\":\"Home\",\"item\":\"https:\/\/infosolution.rs\/\"},{\"@type\":\"ListItem\",\"position\":2,\"name\":\"Usluge\"}]},{\"@type\":\"WebSite\",\"@id\":\"https:\/\/infosolution.rs\/#website\",\"url\":\"https:\/\/infosolution.rs\/\",\"name\":\"InfoSolution\",\"description\":\"\",\"potentialAction\":[{\"@type\":\"SearchAction\",\"target\":{\"@type\":\"EntryPoint\",\"urlTemplate\":\"https:\/\/infosolution.rs\/?s={search_term_string}\"},\"query-input\":{\"@type\":\"PropertyValueSpecification\",\"valueRequired\":true,\"valueName\":\"search_term_string\"}}],\"inLanguage\":\"en-US\"}]}<\/script>\n<!-- \/ Yoast SEO plugin. -->","yoast_head_json":{"title":"Usluge - InfoSolution","robots":{"index":"index","follow":"follow","max-snippet":"max-snippet:-1","max-image-preview":"max-image-preview:large","max-video-preview":"max-video-preview:-1"},"canonical":"https:\/\/infosolution.rs\/index.php\/usluge\/","og_locale":"en_US","og_type":"article","og_title":"Usluge - InfoSolution","og_description":"USLUGE InfoSolution InfoSolution pru\u017ea usluge izrade i odr\u017eavanja kompjuterskih mre\u017ea i voip centrala.Prate\u0107i zahteve uglavnom lojalnih korisnika sve vi\u0161e idemo u smeru ka poslovima tehni\u010dke za\u0161tite (video-nadzor), da bi nas kontinuitet poslovanja preporu\u010dio i ponudio novu ulogu na polju administracije, optimizacije i odr\u017eavanja va\u0161ih servera, rutera, switcheva, firewall-a, mailova, antivirusa, kao i stru\u010dnih konsultacija a [&hellip;]","og_url":"https:\/\/infosolution.rs\/index.php\/usluge\/","og_site_name":"InfoSolution","article_modified_time":"2025-03-02T14:17:31+00:00","og_image":[{"width":735,"height":736,"url":"https:\/\/infosolution.rs\/wp-content\/uploads\/slider2\/image1.jpeg","type":"image\/jpeg"}],"twitter_card":"summary_large_image","twitter_misc":{"Est. reading time":"2 minutes"},"schema":{"@context":"https:\/\/schema.org","@graph":[{"@type":"WebPage","@id":"https:\/\/infosolution.rs\/index.php\/usluge\/","url":"https:\/\/infosolution.rs\/index.php\/usluge\/","name":"Usluge - InfoSolution","isPartOf":{"@id":"https:\/\/infosolution.rs\/#website"},"primaryImageOfPage":{"@id":"https:\/\/infosolution.rs\/index.php\/usluge\/#primaryimage"},"image":{"@id":"https:\/\/infosolution.rs\/index.php\/usluge\/#primaryimage"},"thumbnailUrl":"https:\/\/infosolution.rs\/wp-content\/uploads\/slider2\/image1-300x300.jpeg","datePublished":"2025-02-24T18:46:23+00:00","dateModified":"2025-03-02T14:17:31+00:00","breadcrumb":{"@id":"https:\/\/infosolution.rs\/index.php\/usluge\/#breadcrumb"},"inLanguage":"en-US","potentialAction":[{"@type":"ReadAction","target":["https:\/\/infosolution.rs\/index.php\/usluge\/"]}]},{"@type":"ImageObject","inLanguage":"en-US","@id":"https:\/\/infosolution.rs\/index.php\/usluge\/#primaryimage","url":"https:\/\/infosolution.rs\/wp-content\/uploads\/slider2\/image1.jpeg","contentUrl":"https:\/\/infosolution.rs\/wp-content\/uploads\/slider2\/image1.jpeg","width":735,"height":736},{"@type":"BreadcrumbList","@id":"https:\/\/infosolution.rs\/index.php\/usluge\/#breadcrumb","itemListElement":[{"@type":"ListItem","position":1,"name":"Home","item":"https:\/\/infosolution.rs\/"},{"@type":"ListItem","position":2,"name":"Usluge"}]},{"@type":"WebSite","@id":"https:\/\/infosolution.rs\/#website","url":"https:\/\/infosolution.rs\/","name":"InfoSolution","description":"","potentialAction":[{"@type":"SearchAction","target":{"@type":"EntryPoint","urlTemplate":"https:\/\/infosolution.rs\/?s={search_term_string}"},"query-input":{"@type":"PropertyValueSpecification","valueRequired":true,"valueName":"search_term_string"}}],"inLanguage":"en-US"}]}},"_links":{"self":[{"href":"https:\/\/infosolution.rs\/index.php\/wp-json\/wp\/v2\/pages\/555","targetHints":{"allow":["GET"]}}],"collection":[{"href":"https:\/\/infosolution.rs\/index.php\/wp-json\/wp\/v2\/pages"}],"about":[{"href":"https:\/\/infosolution.rs\/index.php\/wp-json\/wp\/v2\/types\/page"}],"author":[{"embeddable":true,"href":"https:\/\/infosolution.rs\/index.php\/wp-json\/wp\/v2\/users\/2"}],"replies":[{"embeddable":true,"href":"https:\/\/infosolution.rs\/index.php\/wp-json\/wp\/v2\/comments?post=555"}],"version-history":[{"count":13,"href":"https:\/\/infosolution.rs\/index.php\/wp-json\/wp\/v2\/pages\/555\/revisions"}],"predecessor-version":[{"id":632,"href":"https:\/\/infosolution.rs\/index.php\/wp-json\/wp\/v2\/pages\/555\/revisions\/632"}],"wp:attachment":[{"href":"https:\/\/infosolution.rs\/index.php\/wp-json\/wp\/v2\/media?parent=555"}],"curies":[{"name":"wp","href":"https:\/\/api.w.org\/{rel}","templated":true}]}}